{"id":654,"date":"2018-06-16T17:04:10","date_gmt":"2018-06-16T15:04:10","guid":{"rendered":"http:\/\/edvconstructors.com\/?page_id=654"},"modified":"2024-02-29T21:38:20","modified_gmt":"2024-02-29T20:38:20","slug":"politica-de-cookies","status":"publish","type":"page","link":"https:\/\/www.edvconstructors.com\/es\/politica-de-cookies\/","title":{"rendered":"Pol\u00edtica de cookies"},"content":{"rendered":"<p><\/p>\n<h3>Introducci\u00f3n. Definici\u00f3n y funci\u00f3n de las cookies<\/h3>\n<p style=\"text-align: justify;\">Cookie es un fichero que se descarga en su ordenador al acceder a determinadas p\u00e1ginas web. Las Cookies permiten a una p\u00e1gina web, entre otras cosas, almacenar y recuperar informaci\u00f3n sobre los h\u00e1bitos de navegaci\u00f3n de un usuario o de su equipo y, dependiendo de la informaci\u00f3n que contengan y de la forma en que utilice su equipo, pueden utilizarse para reconocer al Usuario. El navegador del Usuario memoriza Cookies en el disco duro solamente durante la sesi\u00f3n actual ocupando un espacio de memoria m\u00ednimo y no perjudicando al ordenador. Las Cookies no contienen ninguna clase de informaci\u00f3n personal espec\u00edfica, y la mayor\u00eda de las mismas se borran del disco duro al finalizar la sesi\u00f3n de navegador (las denominadas Cookies de sesi\u00f3n).<\/p>\n<p>La mayor\u00eda de los navegadores aceptan como est\u00e1ndar a las Cookies y, con independencia de las mismas, permiten o impiden en los ajustes de seguridad las Cookies temporales o memorizadas.<\/p>\n<p>Sin tu expreso consentimiento \u2013mediante la activaci\u00f3n de las Cookies en su navegador\u2013 no enlazaremos en las cookies los datos memorizados con tus datos personales proporcionados en el momento de tu solicitud o compra.<\/p>\n<h3>\u00a0\u00bfQu\u00e9 tipo de Cookies utiliza esta p\u00e1gina web?<\/h3>\n<h4>Seg\u00fan la entidad que las gestiona:<\/h4>\n<ul>\n<li><strong>Cookies propias<\/strong>: Son aqu\u00e9llas que se env\u00edan desde nuestros propios equipos o dominio.<\/li>\n<li style=\"text-align: justify;\"><strong>Cookies de terceros<\/strong>: son aqu\u00e9llas que se env\u00edan desde un equipo o dominio que no es gestionado por nosotros, sino por una tercera entidad.<\/li>\n<\/ul>\n<h4><strong>\u00a0<\/strong>Seg\u00fan el plazo de tiempo que permanecen activadas:<\/h4>\n<ul>\n<li style=\"text-align: justify;\"><strong>Cookies de sesi\u00f3n<\/strong>: Son cookies temporales que permanecen en tu navegador hasta que abandonas la p\u00e1gina web, no quedando registradas en el disco duro de tu ordenador o dispositivo equivalente. Con ella, se analiza las pautas de tr\u00e1fico en la web, lo que nos permite mejorar progresivamente los contenidos y usos de la web.<\/li>\n<li style=\"text-align: justify;\"><strong>Cookies persistentes<\/strong>: son las que se almacenan en el disco duro durante un tiempo determinado y son le\u00eddas por nuestra web cada vez que se realiza una nueva visita. Estas cookies expiran una vez transcurrido el plazo preestablecido y se utilizan, habitualmente, para facilitar los servicios de compra y registro.<strong>\u00a0<\/strong><\/li>\n<\/ul>\n<h4>Seg\u00fan su finalidad:<\/h4>\n<ul>\n<li style=\"text-align: justify;\"><strong>Cookies t\u00e9cnicas<\/strong>: Son aqu\u00e9llas que permiten al usuario obtener una navegaci\u00f3n satisfactoria ya que posibilitan un buen funcionamiento de la web. Por ejemplo, permiten controlar el tr\u00e1fico y la comunicaci\u00f3n de datos, acceder a \u00e1reas de acceso restringido, realizar el proceso de compra o formulario de solicitud, utilizar elementos de seguridad, almacenar contenidos para la difusi\u00f3n de videos o compartir contenidos a trav\u00e9s de redes sociales.<\/li>\n<li style=\"text-align: justify;\"><strong>Cookies de personalizaci\u00f3n<\/strong>: Son aqu\u00e9llas que permiten al usuario acceder al servicio con unas caracter\u00edsticas predefinidas en funci\u00f3n de una serie de criterios (idioma, tipo de navegador a trav\u00e9s del cual se accede al servicio, configuraci\u00f3n regional desde donde se accede al servicio, etc\u2026).<\/li>\n<li style=\"text-align: justify;\"><strong>Cookies de an\u00e1lisis<\/strong>: Son aqu\u00e9llas que permiten cuantificar el n\u00famero de usuarios y as\u00ed realizar la medici\u00f3n y an\u00e1lisis estad\u00edstico de la utilizaci\u00f3n que hacen los usuarios de los servicios prestados.<\/li>\n<li style=\"text-align: justify;\"><strong>Cookies publicitarias<\/strong>: Son aqu\u00e9llas que permiten la gesti\u00f3n, de la forma m\u00e1s eficaz posible, de los espacios publicitarios que ofrecemos.<\/li>\n<li style=\"text-align: justify;\"><strong>Cookies de publicidad comportamental<\/strong>: Son aqu\u00e9llas que almacenan \u00a0informaci\u00f3n del comportamiento de los usuarios obtenida a trav\u00e9s de la observaci\u00f3n continuada de sus h\u00e1bitos de navegaci\u00f3n, permitiendo desarrollar un perfil espec\u00edfico para mostrar publicidad en funci\u00f3n del mismo.<\/li>\n<\/ul>\n<p><strong>\u00a0<\/strong>A continuaci\u00f3n detallamos las Cookies utilizadas en nuestra web y la finalidad de las mismas:<\/p>\n<h4 style=\"text-align: center;\">Listado de cookies utilizadas en nuestra web<\/h4>\n<table class=\"wt-cli-element cookielawinfo-classic cookielawinfo-row-cat-table\"><thead><tr><th scope=\"col\" class=\"cookielawinfo-column-1\">Cookie<\/th><th scope=\"col\" class=\"cookielawinfo-column-2\">Tipo<\/th><th scope=\"col\" class=\"cookielawinfo-column-3\">Duraci\u00f3n<\/th><th scope=\"col\" class=\"cookielawinfo-column-4\">Descripci\u00f3n<\/th><\/thead><tbody><tr class=\"cookielawinfo-row-cat-title\"><th colspan=\"4\" class=\"cookielawinfo-row-cat-title-head\">T\u00e9cnicas<\/th><\/tr><tr class=\"cookielawinfo-row\"><td class=\"cookielawinfo-column-1\">CookieLawInfoConsent<\/td><td class=\"cookielawinfo-column-2\"><\/td><td class=\"cookielawinfo-column-3\">1 a\u00f1o<\/td><td class=\"cookielawinfo-column-4\">Guarda el estado del bot\u00f3n predeterminado de la categor\u00eda correspondiente. Solo funciona en coordinaci\u00f3n con la cookie principal.<\/td><\/tr><tr class=\"cookielawinfo-row\"><td class=\"cookielawinfo-column-1\">cookielawinfo-checkbox-preferencies<\/td><td class=\"cookielawinfo-column-2\"><\/td><td class=\"cookielawinfo-column-3\">1 a\u00f1o<\/td><td class=\"cookielawinfo-column-4\">Esta cookie est\u00e1 configurada por el complemento de consentimiento de cookies de GDPR. Las cookies se utilizan para almacenar el consentimiento del usuario para las cookies en la categor\u00eda \"Preferencias\".<\/td><\/tr><tr class=\"cookielawinfo-row\"><td class=\"cookielawinfo-column-1\">elementor<\/td><td class=\"cookielawinfo-column-2\"><\/td><td class=\"cookielawinfo-column-3\">Permanente<\/td><td class=\"cookielawinfo-column-4\">Esta cookie es utilizada por el tema de WordPress del sitio web. Permite al propietario del sitio web implementar o cambiar el contenido del sitio web en tiempo real.<\/td><\/tr><tr class=\"cookielawinfo-row\"><td class=\"cookielawinfo-column-1\">__cfduid<\/td><td class=\"cookielawinfo-column-2\">1<\/td><td class=\"cookielawinfo-column-3\">30 d\u00edas<\/td><td class=\"cookielawinfo-column-4\">La cookie es utilizada por servicios cdn como CloudFare para identificar clientes individuales detr\u00e1s de una direcci\u00f3n IP compartida y aplicar configuraciones de seguridad por cliente. No corresponde a ning\u00fan ID de usuario en la aplicaci\u00f3n web y no almacena ninguna informaci\u00f3n de identificaci\u00f3n personal.<\/td><\/tr><tr class=\"cookielawinfo-row\"><td class=\"cookielawinfo-column-1\">viewed_cookie_policy<\/td><td class=\"cookielawinfo-column-2\">0<\/td><td class=\"cookielawinfo-column-3\">1 a\u00f1o<\/td><td class=\"cookielawinfo-column-4\">La cookie est\u00e1 configurada por el complemento de consentimiento de cookies de GDPR y se utiliza para almacenar si el usuario ha dado su consentimiento o no para el uso de cookies. No almacena ning\u00fan dato personal.<\/td><\/tr><tr class=\"cookielawinfo-row\"><td class=\"cookielawinfo-column-1\">cookielawinfo-checkbox-necessary<\/td><td class=\"cookielawinfo-column-2\">0<\/td><td class=\"cookielawinfo-column-3\">1 a\u00f1o<\/td><td class=\"cookielawinfo-column-4\">Esta cookie est\u00e1 configurada por el complemento de consentimiento de cookies de GDPR. Las cookies se utilizan para almacenar el consentimiento del usuario para las cookies en la categor\u00eda \"Necesarias\".<\/td><\/tr><tr class=\"cookielawinfo-row\"><td class=\"cookielawinfo-column-1\">cookielawinfo-checkbox-non-necessary<\/td><td class=\"cookielawinfo-column-2\">0<\/td><td class=\"cookielawinfo-column-3\">1 a\u00f1o<\/td><td class=\"cookielawinfo-column-4\">Esta cookie est\u00e1 configurada por el complemento de consentimiento de cookies de GDPR. Se utiliza para almacenar el consentimiento del usuario para las cookies en la categor\u00eda \"No necesarias\".<\/td><\/tr><tr class=\"cookielawinfo-row-cat-title\"><th colspan=\"4\" class=\"cookielawinfo-row-cat-title-head\">Preferencias<\/th><\/tr><tr class=\"cookielawinfo-row\"><td class=\"cookielawinfo-column-1\">qtrans_front_language<\/td><td class=\"cookielawinfo-column-2\">1<\/td><td class=\"cookielawinfo-column-3\">1 a\u00f1o<\/td><td class=\"cookielawinfo-column-4\">Determina el idioma preferido por el visitante. Permite a la web establecer el idioma preferido en el reingreso del visitante.<\/td><\/tr><tr class=\"cookielawinfo-row-cat-title\"><th colspan=\"4\" class=\"cookielawinfo-row-cat-title-head\">No necesarias<\/th><\/tr><tr class=\"cookielawinfo-row\"><td class=\"cookielawinfo-column-1\">test_cookie<\/td><td class=\"cookielawinfo-column-2\">0<\/td><td class=\"cookielawinfo-column-3\">1 a\u00f1o<\/td><td class=\"cookielawinfo-column-4\">Utilizada para comprobar si el navegador del usuario admite cookies.<\/td><\/tr><tr class=\"cookielawinfo-row-cat-title\"><th colspan=\"4\" class=\"cookielawinfo-row-cat-title-head\">Funcionales<\/th><\/tr><tr class=\"cookielawinfo-row\"><td class=\"cookielawinfo-column-1\">_lscache_vary<\/td><td class=\"cookielawinfo-column-2\"><\/td><td class=\"cookielawinfo-column-3\">2 d\u00edas<\/td><td class=\"cookielawinfo-column-4\">Litespeed configura esta cookie para prevenir las p\u00e1ginas almacenadas en cach\u00e9.<\/td><\/tr><\/tbody><\/table>\n<p style=\"text-align: justify;\">Estas listas se actualizan a la mayor brevedad cuando se produce alg\u00fan tipo de cambio en los servicios ofrecidos en la web. No obstante, puede ocurrir que durante la actualizaci\u00f3n la lista no incluya ya alguna Cookie, aunque siempre estar\u00e1n referidas a Cookies con id\u00e9nticos prop\u00f3sitos a los registrados en la lista.<\/p>\n<h4><strong>\u00a0<\/strong>Aceptaci\u00f3n del uso de cookies. Obtenci\u00f3n del consentimiento y forma de desactivar o eliminar las cookies<\/h4>\n<p style=\"text-align: justify;\">Cuando el Usuario accede a nuestro Sitio Web y antes de comenzar la navegaci\u00f3n, es advertido sobre el uso de Cookies de manera que puede prestar su consentimiento con relaci\u00f3n a nuestra Pol\u00edtica de Cookies, pulsando el bot\u00f3n \u201cAceptar\u201d en la ventana informativa. De esta forma, el Usuario acepta expresamente, el tratamiento de la informaci\u00f3n recabada en la forma y con los fines anteriormente mencionados.<\/p>\n<p style=\"text-align: justify;\">Son cookies excluidas del deber de informaci\u00f3n y del consentimiento las estrictamente necesarias para la prestaci\u00f3n de un servicio expresamente solicitado por el usuario o aquellas necesarias \u00fanicamente para permitir la comunicaci\u00f3n entre el equipo del usuario y la red, como por ejemplo: cookies de sesi\u00f3n, cookies de entrada de usuario, cookies de seguridad del usuario, cookies de sesi\u00f3n de reproductor multimedia, cookies de sesi\u00f3n para equilibrar la carga, determinadas cookies t\u00e9cnicas, cookies de personalizaci\u00f3n y determinadas cookies de complemento.<\/p>\n<p style=\"text-align: justify;\">Tambi\u00e9n podr\u00e1 configurar las cookies y, asimismo, reconoce la posibilidad de rechazar el tratamiento de tales datos o informaci\u00f3n rechazando el uso de Cookies mediante la selecci\u00f3n de la configuraci\u00f3n apropiada a tal fin en su navegador. Si bien esta opci\u00f3n de bloqueo de Cookies en su navegador puede no permitirle el uso pleno de todas las funcionalidades de la Web y que la experiencia en nuestra web sea menos satisfactoria.<\/p>\n<p style=\"text-align: justify;\">Puede usted permitir, bloquear o eliminar las cookies instaladas en su equipo mediante la configuraci\u00f3n de las opciones del navegador instalado en su ordenador:<\/p>\n<ul>\n<li><strong>Internet Explorer:<\/strong> <em>Herramientas &gt; Opciones de Internet &gt; Privacidad &gt; Configuraci\u00f3n<\/em><\/li>\n<li><strong>Firefox:<\/strong> <em>Herramientas &gt; Opciones &gt; Privacidad &gt; Historial &gt; Ajustes personalizados<\/em><\/li>\n<li><strong>Chrome:<\/strong> <em>Configuraci\u00f3n &gt; Mostrar configuraci\u00f3n avanzada &gt; Privacidad &gt; Configuraci\u00f3n de contenido<\/em><\/li>\n<li><strong>Safari:<\/strong> <em>Preferencias &gt; Seguridad<\/em><\/li>\n<li><strong>Opera:<\/strong> <em>Configuraci\u00f3n<\/em><\/li>\n<\/ul>\n<h3>Modificaci\u00f3n de la configuraci\u00f3n de las cookies<\/h3>\n<p>El usuario puede elegir qu\u00e9 cookies acepta o rechaza desde nuestro <strong>Panel de configuraci\u00f3n de cookies<\/strong>:<\/p>\n<p style=\"text-align: center;\"><a id=\"wt-cli-reject-btn\" tabindex=\"0\" role='button' style=\"margin:5px 5px 5px 5px; border-radius:0; padding:8px 25px 8px 25px;\"  class=\"wt-cli-element medium cli-plugin-button cli-plugin-main-button cookie_action_close_header_reject cli_action_button\"  data-cli_action=\"reject\">RECHAZAR COOKIES<\/a><a id=\"wt-cli-accept-btn\" tabindex=\"0\" role='button' style=\"margin:5px 5px 5px 30px; border-radius:0; padding:8px 25px 8px 25px;\" data-cli_action=\"accept\"  class=\"wt-cli-element medium cli-plugin-button cli-plugin-main-button cookie_action_close_header cli_action_button\" >ACEPTAR COOKIES<\/a><a id=\"wt-cli-settings-btn\" tabindex=\"0\" role='button' style=\"border-bottom:1px solid; text-decoration:none; text-decoration:none;\" class=\"wt-cli-element medium cli-plugin-button cli-plugin-main-button cli_settings_button\" >CONFIGURAR COOKIES<\/a><\/p>\n<p>El hecho de rechazar las cookies no constituye impedimento para poder acceder a los contenidos de este sitio web, aunque el uso de algunos servicios podr\u00e1 ser limitado.<\/p>\n<p>Si tiene dudas sobre esta pol\u00edtica de cookies, puede contactar con nosotros: <strong><a href=\"mailto:info@edvconstructors.com\">info@edvconstructors.com<\/a><\/strong><\/p>","protected":false},"excerpt":{"rendered":"<p>Introducci\u00f3n. Definici\u00f3n y funci\u00f3n de las cookies Cookie es un fichero que se descarga en su ordenador al acceder a determinadas p\u00e1ginas web. Las Cookies permiten a una p\u00e1gina web, entre otras cosas, almacenar y recuperar informaci\u00f3n sobre los h\u00e1bitos de navegaci\u00f3n de un usuario o de su equipo y, dependiendo de la informaci\u00f3n que<br \/><a class=\"moretag\" href=\"https:\/\/www.edvconstructors.com\/es\/politica-de-cookies\/\">+ Read More<\/a><\/p>\n","protected":false},"author":1,"featured_media":0,"parent":0,"menu_order":0,"comment_status":"closed","ping_status":"closed","template":"templates\/page-fullwidth_template.php","meta":{"footnotes":""},"class_list":["post-654","page","type-page","status-publish","hentry"],"_links":{"self":[{"href":"https:\/\/www.edvconstructors.com\/es\/wp-json\/wp\/v2\/pages\/654","targetHints":{"allow":["GET"]}}],"collection":[{"href":"https:\/\/www.edvconstructors.com\/es\/wp-json\/wp\/v2\/pages"}],"about":[{"href":"https:\/\/www.edvconstructors.com\/es\/wp-json\/wp\/v2\/types\/page"}],"author":[{"embeddable":true,"href":"https:\/\/www.edvconstructors.com\/es\/wp-json\/wp\/v2\/users\/1"}],"replies":[{"embeddable":true,"href":"https:\/\/www.edvconstructors.com\/es\/wp-json\/wp\/v2\/comments?post=654"}],"version-history":[{"count":0,"href":"https:\/\/www.edvconstructors.com\/es\/wp-json\/wp\/v2\/pages\/654\/revisions"}],"wp:attachment":[{"href":"https:\/\/www.edvconstructors.com\/es\/wp-json\/wp\/v2\/media?parent=654"}],"curies":[{"name":"wp","href":"https:\/\/api.w.org\/{rel}","templated":true}]}}