{"id":523,"date":"2017-09-19T10:43:10","date_gmt":"2017-09-19T08:43:10","guid":{"rendered":"http:\/\/edvconstructors.com\/?page_id=523"},"modified":"2021-09-29T16:35:41","modified_gmt":"2021-09-29T14:35:41","slug":"trencadis","status":"publish","type":"page","link":"https:\/\/www.edvconstructors.com\/es\/trencadis\/","title":{"rendered":"Trencad\u00eds"},"content":{"rendered":"\t\t<div data-elementor-type=\"wp-page\" data-elementor-id=\"523\" class=\"elementor elementor-523\" data-elementor-post-type=\"page\">\n\t\t\t\t\t\t<section class=\"elementor-section elementor-top-section elementor-element elementor-element-5e1e84 elementor-section-boxed elementor-section-height-default elementor-section-height-default\" data-id=\"5e1e84\" data-element_type=\"section\" data-e-type=\"section\">\n\t\t\t\t\t\t<div class=\"elementor-container elementor-column-gap-default\">\n\t\t\t\t\t<div class=\"elementor-column elementor-col-100 elementor-top-column elementor-element elementor-element-23a2bda5\" data-id=\"23a2bda5\" data-element_type=\"column\" data-e-type=\"column\">\n\t\t\t<div class=\"elementor-widget-wrap elementor-element-populated\">\n\t\t\t\t\t\t<div class=\"elementor-element elementor-element-2c4bd807 elementor-widget elementor-widget-text-editor\" data-id=\"2c4bd807\" data-element_type=\"widget\" data-e-type=\"widget\" data-widget_type=\"text-editor.default\">\n\t\t\t\t<div class=\"elementor-widget-container\">\n\t\t\t\t\t\t\t\t\t<p>Un nou concepte de decoraci\u00f3 per interiors i exteriors\u2026 el nostre trencad\u00eds!<\/p><p style=\"text-align: justify;\">Una paret buida, un mur poc vist\u00f3s, un jard\u00ed avorrit\u2026 posem un toc de color i imaginaci\u00f3 als seus espais amb una t\u00e8cnica concreta: el trencad\u00eds de rajoles.<\/p><p style=\"text-align: justify;\">Ensenyi\u2019ns el seu disseny, expliqui\u2019ns la seva idea o deixi que nosaltres proposem una figura\u2026 amb peces de rajoles de diferents colors, textures i mides encaixarem un puzle perfecte, divertit i original.<\/p>\t\t\t\t\t\t\t\t<\/div>\n\t\t\t\t<\/div>\n\t\t\t\t\t<\/div>\n\t\t<\/div>\n\t\t\t\t\t<\/div>\n\t\t<\/section>\n\t\t\t\t<section class=\"elementor-section elementor-top-section elementor-element elementor-element-8734885 elementor-section-full_width elementor-section-height-default elementor-section-height-default\" data-id=\"8734885\" data-element_type=\"section\" data-e-type=\"section\">\n\t\t\t\t\t\t<div class=\"elementor-container elementor-column-gap-no\">\n\t\t\t\t\t<div class=\"elementor-column elementor-col-100 elementor-top-column elementor-element elementor-element-a370dc1\" data-id=\"a370dc1\" data-element_type=\"column\" data-e-type=\"column\">\n\t\t\t<div class=\"elementor-widget-wrap elementor-element-populated\">\n\t\t\t\t\t\t<div class=\"elementor-element elementor-element-c62f333 elementor-widget elementor-widget-gallery\" data-id=\"c62f333\" data-element_type=\"widget\" data-e-type=\"widget\" data-settings=\"{&quot;columns&quot;:3,&quot;lazyload&quot;:&quot;yes&quot;,&quot;gallery_layout&quot;:&quot;grid&quot;,&quot;columns_tablet&quot;:2,&quot;columns_mobile&quot;:1,&quot;gap&quot;:{&quot;unit&quot;:&quot;px&quot;,&quot;size&quot;:10,&quot;sizes&quot;:[]},&quot;gap_tablet&quot;:{&quot;unit&quot;:&quot;px&quot;,&quot;size&quot;:10,&quot;sizes&quot;:[]},&quot;gap_mobile&quot;:{&quot;unit&quot;:&quot;px&quot;,&quot;size&quot;:10,&quot;sizes&quot;:[]},&quot;link_to&quot;:&quot;file&quot;,&quot;aspect_ratio&quot;:&quot;3:2&quot;,&quot;overlay_background&quot;:&quot;yes&quot;,&quot;content_hover_animation&quot;:&quot;fade-in&quot;}\" data-widget_type=\"gallery.default\">\n\t\t\t\t<div class=\"elementor-widget-container\">\n\t\t\t\t\t\t\t<div class=\"elementor-gallery__container\">\n\t\t\t\t\t\t\t<a class=\"e-gallery-item elementor-gallery-item elementor-animated-content\" href=\"https:\/\/www.edvconstructors.com\/wp-content\/uploads\/2021\/07\/EDV-Constructors-Galeria-trencadis-2.jpg\" data-elementor-open-lightbox=\"yes\" data-elementor-lightbox-slideshow=\"c62f333\" data-elementor-lightbox-title=\"EDV Constructors - Galeria trencad\u00eds\" data-e-action-hash=\"#elementor-action%3Aaction%3Dlightbox%26settings%3DeyJpZCI6MTc0OSwidXJsIjoiaHR0cHM6XC9cL3d3dy5lZHZjb25zdHJ1Y3RvcnMuY29tXC93cC1jb250ZW50XC91cGxvYWRzXC8yMDIxXC8wN1wvRURWLUNvbnN0cnVjdG9ycy1HYWxlcmlhLXRyZW5jYWRpcy0yLmpwZyIsInNsaWRlc2hvdyI6ImM2MmYzMzMifQ%3D%3D\">\n\t\t\t\t\t<div class=\"e-gallery-image elementor-gallery-item__image\" data-thumbnail=\"https:\/\/www.edvconstructors.com\/wp-content\/uploads\/2021\/07\/EDV-Constructors-Galeria-trencadis-2-300x214.jpg\" data-width=\"300\" data-height=\"214\" aria-label=\"\" role=\"img\" ><\/div>\n\t\t\t\t\t\t\t\t\t\t\t<div class=\"elementor-gallery-item__overlay\"><\/div>\n\t\t\t\t\t\t\t\t\t\t\t\t\t\t<\/a>\n\t\t\t\t\t\t\t<a class=\"e-gallery-item elementor-gallery-item elementor-animated-content\" href=\"https:\/\/www.edvconstructors.com\/wp-content\/uploads\/2021\/07\/EDV-Constructors-Galeria-trencadis-4.jpg\" data-elementor-open-lightbox=\"yes\" data-elementor-lightbox-slideshow=\"c62f333\" data-elementor-lightbox-title=\"EDV Constructors - Galeria trencad\u00eds\" data-e-action-hash=\"#elementor-action%3Aaction%3Dlightbox%26settings%3DeyJpZCI6MTc1MSwidXJsIjoiaHR0cHM6XC9cL3d3dy5lZHZjb25zdHJ1Y3RvcnMuY29tXC93cC1jb250ZW50XC91cGxvYWRzXC8yMDIxXC8wN1wvRURWLUNvbnN0cnVjdG9ycy1HYWxlcmlhLXRyZW5jYWRpcy00LmpwZyIsInNsaWRlc2hvdyI6ImM2MmYzMzMifQ%3D%3D\">\n\t\t\t\t\t<div class=\"e-gallery-image elementor-gallery-item__image\" data-thumbnail=\"https:\/\/www.edvconstructors.com\/wp-content\/uploads\/2021\/07\/EDV-Constructors-Galeria-trencadis-4-300x214.jpg\" data-width=\"300\" data-height=\"214\" aria-label=\"\" role=\"img\" ><\/div>\n\t\t\t\t\t\t\t\t\t\t\t<div class=\"elementor-gallery-item__overlay\"><\/div>\n\t\t\t\t\t\t\t\t\t\t\t\t\t\t<\/a>\n\t\t\t\t\t\t\t<a class=\"e-gallery-item elementor-gallery-item elementor-animated-content\" href=\"https:\/\/www.edvconstructors.com\/wp-content\/uploads\/2021\/07\/EDV-Constructors-Galeria-trencadis-6.jpg\" data-elementor-open-lightbox=\"yes\" data-elementor-lightbox-slideshow=\"c62f333\" data-elementor-lightbox-title=\"EDV Constructors - Galeria trencad\u00eds\" data-e-action-hash=\"#elementor-action%3Aaction%3Dlightbox%26settings%3DeyJpZCI6MTc1MywidXJsIjoiaHR0cHM6XC9cL3d3dy5lZHZjb25zdHJ1Y3RvcnMuY29tXC93cC1jb250ZW50XC91cGxvYWRzXC8yMDIxXC8wN1wvRURWLUNvbnN0cnVjdG9ycy1HYWxlcmlhLXRyZW5jYWRpcy02LmpwZyIsInNsaWRlc2hvdyI6ImM2MmYzMzMifQ%3D%3D\">\n\t\t\t\t\t<div class=\"e-gallery-image elementor-gallery-item__image\" data-thumbnail=\"https:\/\/www.edvconstructors.com\/wp-content\/uploads\/2021\/07\/EDV-Constructors-Galeria-trencadis-6-300x214.jpg\" data-width=\"300\" data-height=\"214\" aria-label=\"\" role=\"img\" ><\/div>\n\t\t\t\t\t\t\t\t\t\t\t<div class=\"elementor-gallery-item__overlay\"><\/div>\n\t\t\t\t\t\t\t\t\t\t\t\t\t\t<\/a>\n\t\t\t\t\t\t\t<a class=\"e-gallery-item elementor-gallery-item elementor-animated-content\" href=\"https:\/\/www.edvconstructors.com\/wp-content\/uploads\/2021\/07\/EDV-Constructors-Galeria-trencadis-1.jpg\" data-elementor-open-lightbox=\"yes\" data-elementor-lightbox-slideshow=\"c62f333\" data-elementor-lightbox-title=\"EDV Constructors - Galeria trencad\u00eds\" data-e-action-hash=\"#elementor-action%3Aaction%3Dlightbox%26settings%3DeyJpZCI6MTc0OCwidXJsIjoiaHR0cHM6XC9cL3d3dy5lZHZjb25zdHJ1Y3RvcnMuY29tXC93cC1jb250ZW50XC91cGxvYWRzXC8yMDIxXC8wN1wvRURWLUNvbnN0cnVjdG9ycy1HYWxlcmlhLXRyZW5jYWRpcy0xLmpwZyIsInNsaWRlc2hvdyI6ImM2MmYzMzMifQ%3D%3D\">\n\t\t\t\t\t<div class=\"e-gallery-image elementor-gallery-item__image\" data-thumbnail=\"https:\/\/www.edvconstructors.com\/wp-content\/uploads\/2021\/07\/EDV-Constructors-Galeria-trencadis-1-300x214.jpg\" data-width=\"300\" data-height=\"214\" aria-label=\"\" role=\"img\" ><\/div>\n\t\t\t\t\t\t\t\t\t\t\t<div class=\"elementor-gallery-item__overlay\"><\/div>\n\t\t\t\t\t\t\t\t\t\t\t\t\t\t<\/a>\n\t\t\t\t\t\t\t<a class=\"e-gallery-item elementor-gallery-item elementor-animated-content\" href=\"https:\/\/www.edvconstructors.com\/wp-content\/uploads\/2021\/07\/EDV-Constructors-Galeria-trencadis-5.jpg\" data-elementor-open-lightbox=\"yes\" data-elementor-lightbox-slideshow=\"c62f333\" data-elementor-lightbox-title=\"EDV Constructors - Galeria trencad\u00eds\" data-e-action-hash=\"#elementor-action%3Aaction%3Dlightbox%26settings%3DeyJpZCI6MTc1MiwidXJsIjoiaHR0cHM6XC9cL3d3dy5lZHZjb25zdHJ1Y3RvcnMuY29tXC93cC1jb250ZW50XC91cGxvYWRzXC8yMDIxXC8wN1wvRURWLUNvbnN0cnVjdG9ycy1HYWxlcmlhLXRyZW5jYWRpcy01LmpwZyIsInNsaWRlc2hvdyI6ImM2MmYzMzMifQ%3D%3D\">\n\t\t\t\t\t<div class=\"e-gallery-image elementor-gallery-item__image\" data-thumbnail=\"https:\/\/www.edvconstructors.com\/wp-content\/uploads\/2021\/07\/EDV-Constructors-Galeria-trencadis-5-300x214.jpg\" data-width=\"300\" data-height=\"214\" aria-label=\"\" role=\"img\" ><\/div>\n\t\t\t\t\t\t\t\t\t\t\t<div class=\"elementor-gallery-item__overlay\"><\/div>\n\t\t\t\t\t\t\t\t\t\t\t\t\t\t<\/a>\n\t\t\t\t\t\t\t<a class=\"e-gallery-item elementor-gallery-item elementor-animated-content\" href=\"https:\/\/www.edvconstructors.com\/wp-content\/uploads\/2021\/07\/EDV-Constructors-Galeria-trencadis-3.jpg\" data-elementor-open-lightbox=\"yes\" data-elementor-lightbox-slideshow=\"c62f333\" data-elementor-lightbox-title=\"EDV Constructors - Galeria trencad\u00eds\" data-e-action-hash=\"#elementor-action%3Aaction%3Dlightbox%26settings%3DeyJpZCI6MTc1MCwidXJsIjoiaHR0cHM6XC9cL3d3dy5lZHZjb25zdHJ1Y3RvcnMuY29tXC93cC1jb250ZW50XC91cGxvYWRzXC8yMDIxXC8wN1wvRURWLUNvbnN0cnVjdG9ycy1HYWxlcmlhLXRyZW5jYWRpcy0zLmpwZyIsInNsaWRlc2hvdyI6ImM2MmYzMzMifQ%3D%3D\">\n\t\t\t\t\t<div class=\"e-gallery-image elementor-gallery-item__image\" data-thumbnail=\"https:\/\/www.edvconstructors.com\/wp-content\/uploads\/2021\/07\/EDV-Constructors-Galeria-trencadis-3-300x214.jpg\" data-width=\"300\" data-height=\"214\" aria-label=\"\" role=\"img\" ><\/div>\n\t\t\t\t\t\t\t\t\t\t\t<div class=\"elementor-gallery-item__overlay\"><\/div>\n\t\t\t\t\t\t\t\t\t\t\t\t\t\t<\/a>\n\t\t\t\t\t<\/div>\n\t\t\t\t\t<\/div>\n\t\t\t\t<\/div>\n\t\t\t\t\t<\/div>\n\t\t<\/div>\n\t\t\t\t\t<\/div>\n\t\t<\/section>\n\t\t\t\t<\/div>\n\t\t","protected":false},"excerpt":{"rendered":"<p>Un nuevo concepto de decoraci\u00f3n para interiores y exteriores\u2026 \u00a1nuestro trencad\u00eds! Una pared vac\u00eda, un muro poco vistoso, un jard\u00edn aburrido\u2026 ponemos un toque de color e imaginaci\u00f3n a sus espacios con una t\u00e9cnica concreta: el trencad\u00eds de baldosas. Ens\u00e9\u00f1enos su dise\u00f1o, expl\u00edquenos su idea o deje que nosotros propongamos una figura\u2026 con piezas de<br \/><a class=\"moretag\" href=\"https:\/\/www.edvconstructors.com\/es\/trencadis\/\">+ Read More<\/a><\/p>\n","protected":false},"author":1,"featured_media":1649,"parent":0,"menu_order":0,"comment_status":"closed","ping_status":"closed","template":"templates\/page-fullwidth_template.php","meta":{"footnotes":""},"class_list":["post-523","page","type-page","status-publish","has-post-thumbnail","hentry"],"_links":{"self":[{"href":"https:\/\/www.edvconstructors.com\/es\/wp-json\/wp\/v2\/pages\/523","targetHints":{"allow":["GET"]}}],"collection":[{"href":"https:\/\/www.edvconstructors.com\/es\/wp-json\/wp\/v2\/pages"}],"about":[{"href":"https:\/\/www.edvconstructors.com\/es\/wp-json\/wp\/v2\/types\/page"}],"author":[{"embeddable":true,"href":"https:\/\/www.edvconstructors.com\/es\/wp-json\/wp\/v2\/users\/1"}],"replies":[{"embeddable":true,"href":"https:\/\/www.edvconstructors.com\/es\/wp-json\/wp\/v2\/comments?post=523"}],"version-history":[{"count":0,"href":"https:\/\/www.edvconstructors.com\/es\/wp-json\/wp\/v2\/pages\/523\/revisions"}],"wp:featuredmedia":[{"embeddable":true,"href":"https:\/\/www.edvconstructors.com\/es\/wp-json\/wp\/v2\/media\/1649"}],"wp:attachment":[{"href":"https:\/\/www.edvconstructors.com\/es\/wp-json\/wp\/v2\/media?parent=523"}],"curies":[{"name":"wp","href":"https:\/\/api.w.org\/{rel}","templated":true}]}}