{"id":32,"date":"2016-12-02T18:26:09","date_gmt":"2016-12-02T17:26:09","guid":{"rendered":"http:\/\/edvconstructors.com\/?page_id=32"},"modified":"2021-09-29T17:42:29","modified_gmt":"2021-09-29T15:42:29","slug":"empresa","status":"publish","type":"page","link":"https:\/\/www.edvconstructors.com\/es\/empresa\/","title":{"rendered":"EDV Constructors"},"content":{"rendered":"\t\t<div data-elementor-type=\"wp-page\" data-elementor-id=\"32\" class=\"elementor elementor-32\" data-elementor-post-type=\"page\">\n\t\t\t\t\t\t<section class=\"elementor-section elementor-top-section elementor-element elementor-element-4222a745 elementor-section-boxed elementor-section-height-default elementor-section-height-default\" data-id=\"4222a745\" data-element_type=\"section\" data-e-type=\"section\">\n\t\t\t\t\t\t<div class=\"elementor-container elementor-column-gap-default\">\n\t\t\t\t\t<div class=\"elementor-column elementor-col-100 elementor-top-column elementor-element elementor-element-16958028\" data-id=\"16958028\" data-element_type=\"column\" data-e-type=\"column\">\n\t\t\t<div class=\"elementor-widget-wrap elementor-element-populated\">\n\t\t\t\t\t\t<div class=\"elementor-element elementor-element-a208a5d elementor-widget elementor-widget-text-editor\" data-id=\"a208a5d\" data-element_type=\"widget\" data-e-type=\"widget\" data-widget_type=\"text-editor.default\">\n\t\t\t\t<div class=\"elementor-widget-container\">\n\t\t\t\t\t\t\t\t\t<p><strong>EDV Constructors<\/strong> es una empresa familiar ubicada en <strong>Sant Feliu de Gu\u00edxols<\/strong> (Girona). M\u00e1s de 40 a\u00f1os de experiencia en el sector nos avalan. Profesionalidad, seriedad y trabajos bien acabados son nuestras se\u00f1as de identidad.<\/p><p>Disponemos de un equipo de profesionales que llevar\u00e1n a cabo su proyecto en el tiempo indicado. Sin sorpresas, con un precio acordado, sin sobresaltos.<\/p><p>Contacte con nosotros para presupuesto personalizado sin compromiso.<\/p>\t\t\t\t\t\t\t\t<\/div>\n\t\t\t\t<\/div>\n\t\t\t\t\t<\/div>\n\t\t<\/div>\n\t\t\t\t\t<\/div>\n\t\t<\/section>\n\t\t\t\t<section class=\"elementor-section elementor-top-section elementor-element elementor-element-ee6fe7f elementor-section-full_width elementor-section-stretched elementor-section-height-default elementor-section-height-default\" data-id=\"ee6fe7f\" data-element_type=\"section\" data-e-type=\"section\" data-settings=\"{&quot;stretch_section&quot;:&quot;section-stretched&quot;}\">\n\t\t\t\t\t\t<div class=\"elementor-container elementor-column-gap-default\">\n\t\t\t\t\t<div class=\"elementor-column elementor-col-100 elementor-top-column elementor-element elementor-element-2d51fe3\" data-id=\"2d51fe3\" data-element_type=\"column\" data-e-type=\"column\">\n\t\t\t<div class=\"elementor-widget-wrap elementor-element-populated\">\n\t\t\t\t\t\t<div class=\"elementor-element elementor-element-55f520d elementor-widget elementor-widget-image\" data-id=\"55f520d\" data-element_type=\"widget\" data-e-type=\"widget\" data-widget_type=\"image.default\">\n\t\t\t\t<div class=\"elementor-widget-container\">\n\t\t\t\t\t\t\t\t\t\t\t\t\t\t\t<img fetchpriority=\"high\" decoding=\"async\" width=\"2560\" height=\"1727\" src=\"https:\/\/www.edvconstructors.com\/wp-content\/uploads\/2021\/09\/EDV-Constructors-Foto--scaled.jpg\" class=\"attachment-full size-full wp-image-1982\" alt=\"EDV Constructors\" srcset=\"https:\/\/www.edvconstructors.com\/wp-content\/uploads\/2021\/09\/EDV-Constructors-Foto--scaled.jpg 2560w, https:\/\/www.edvconstructors.com\/wp-content\/uploads\/2021\/09\/EDV-Constructors-Foto--300x202.jpg 300w, https:\/\/www.edvconstructors.com\/wp-content\/uploads\/2021\/09\/EDV-Constructors-Foto--1024x691.jpg 1024w, https:\/\/www.edvconstructors.com\/wp-content\/uploads\/2021\/09\/EDV-Constructors-Foto--768x518.jpg 768w, https:\/\/www.edvconstructors.com\/wp-content\/uploads\/2021\/09\/EDV-Constructors-Foto--1536x1036.jpg 1536w, https:\/\/www.edvconstructors.com\/wp-content\/uploads\/2021\/09\/EDV-Constructors-Foto--2048x1382.jpg 2048w, https:\/\/www.edvconstructors.com\/wp-content\/uploads\/2021\/09\/EDV-Constructors-Foto--400x270.jpg 400w\" sizes=\"(max-width: 2560px) 100vw, 2560px\" \/>\t\t\t\t\t\t\t\t\t\t\t\t\t\t\t<\/div>\n\t\t\t\t<\/div>\n\t\t\t\t\t<\/div>\n\t\t<\/div>\n\t\t\t\t\t<\/div>\n\t\t<\/section>\n\t\t\t\t<\/div>\n\t\t","protected":false},"excerpt":{"rendered":"<p>EDV Constructors es una empresa familiar ubicada en Sant Feliu de Gu\u00edxols (Girona). M\u00e1s de 40 a\u00f1os de experiencia en el sector nos avalan. Profesionalidad, seriedad y trabajos bien acabados son nuestras se\u00f1as de identidad. Disponemos de un equipo de profesionales que llevar\u00e1n a cabo su proyecto en el tiempo indicado. Sin sorpresas, con un<br \/><a class=\"moretag\" href=\"https:\/\/www.edvconstructors.com\/es\/empresa\/\">+ Read More<\/a><\/p>\n","protected":false},"author":1,"featured_media":1960,"parent":0,"menu_order":0,"comment_status":"closed","ping_status":"closed","template":"templates\/page-fullwidth_template.php","meta":{"footnotes":""},"class_list":["post-32","page","type-page","status-publish","has-post-thumbnail","hentry"],"_links":{"self":[{"href":"https:\/\/www.edvconstructors.com\/es\/wp-json\/wp\/v2\/pages\/32","targetHints":{"allow":["GET"]}}],"collection":[{"href":"https:\/\/www.edvconstructors.com\/es\/wp-json\/wp\/v2\/pages"}],"about":[{"href":"https:\/\/www.edvconstructors.com\/es\/wp-json\/wp\/v2\/types\/page"}],"author":[{"embeddable":true,"href":"https:\/\/www.edvconstructors.com\/es\/wp-json\/wp\/v2\/users\/1"}],"replies":[{"embeddable":true,"href":"https:\/\/www.edvconstructors.com\/es\/wp-json\/wp\/v2\/comments?post=32"}],"version-history":[{"count":0,"href":"https:\/\/www.edvconstructors.com\/es\/wp-json\/wp\/v2\/pages\/32\/revisions"}],"wp:featuredmedia":[{"embeddable":true,"href":"https:\/\/www.edvconstructors.com\/es\/wp-json\/wp\/v2\/media\/1960"}],"wp:attachment":[{"href":"https:\/\/www.edvconstructors.com\/es\/wp-json\/wp\/v2\/media?parent=32"}],"curies":[{"name":"wp","href":"https:\/\/api.w.org\/{rel}","templated":true}]}}