{"id":312,"date":"2017-03-27T09:09:34","date_gmt":"2017-03-27T07:09:34","guid":{"rendered":"http:\/\/edvconstructors.com\/?page_id=312"},"modified":"2021-07-31T12:42:00","modified_gmt":"2021-07-31T10:42:00","slug":"estructures","status":"publish","type":"page","link":"https:\/\/www.edvconstructors.com\/es\/estructures\/","title":{"rendered":"Estructuras"},"content":{"rendered":"\t\t<div data-elementor-type=\"wp-page\" data-elementor-id=\"312\" class=\"elementor elementor-312\" data-elementor-post-type=\"page\">\n\t\t\t\t\t\t<section class=\"elementor-section elementor-top-section elementor-element elementor-element-11c68ac1 elementor-section-boxed elementor-section-height-default elementor-section-height-default\" data-id=\"11c68ac1\" data-element_type=\"section\" data-e-type=\"section\">\n\t\t\t\t\t\t<div class=\"elementor-container elementor-column-gap-default\">\n\t\t\t\t\t<div class=\"elementor-column elementor-col-100 elementor-top-column elementor-element elementor-element-21b35a16\" data-id=\"21b35a16\" data-element_type=\"column\" data-e-type=\"column\">\n\t\t\t<div class=\"elementor-widget-wrap elementor-element-populated\">\n\t\t\t\t\t\t<div class=\"elementor-element elementor-element-3219e672 elementor-widget elementor-widget-text-editor\" data-id=\"3219e672\" data-element_type=\"widget\" data-e-type=\"widget\" data-widget_type=\"text-editor.default\">\n\t\t\t\t<div class=\"elementor-widget-container\">\n\t\t\t\t\t\t\t\t\t<p>En <strong>EDV Constructors<\/strong> trabajamos todo tipo de excavaciones y soporte a la construcci\u00f3n: vaciados, cimentaci\u00f3n, rasas y rellenos.<\/p><p style=\"text-align: justify;\">Nivelamos y compactamos el terreno, nos encargamos de canalizar las instalaciones de gas, agua, luz y tel\u00e9fono, construimos muros de contenci\u00f3n de hormig\u00f3n, roca y mixtos con todo tipo de piedra.<\/p><p style=\"text-align: justify;\">Construcci\u00f3n de estructuras de edificios y casas unifamiliares de obra nueva.<\/p>\t\t\t\t\t\t\t\t<\/div>\n\t\t\t\t<\/div>\n\t\t\t\t\t<\/div>\n\t\t<\/div>\n\t\t\t\t\t<\/div>\n\t\t<\/section>\n\t\t\t\t<section class=\"elementor-section elementor-top-section elementor-element elementor-element-e382803 elementor-section-full_width elementor-section-height-default elementor-section-height-default\" data-id=\"e382803\" data-element_type=\"section\" data-e-type=\"section\">\n\t\t\t\t\t\t<div class=\"elementor-container elementor-column-gap-no\">\n\t\t\t\t\t<div class=\"elementor-column elementor-col-100 elementor-top-column elementor-element elementor-element-9afe997\" data-id=\"9afe997\" data-element_type=\"column\" data-e-type=\"column\">\n\t\t\t<div class=\"elementor-widget-wrap elementor-element-populated\">\n\t\t\t\t\t\t<div class=\"elementor-element elementor-element-584e08e elementor-widget elementor-widget-gallery\" data-id=\"584e08e\" data-element_type=\"widget\" data-e-type=\"widget\" data-settings=\"{&quot;gallery_layout&quot;:&quot;masonry&quot;,&quot;lazyload&quot;:&quot;yes&quot;,&quot;columns&quot;:4,&quot;columns_tablet&quot;:2,&quot;columns_mobile&quot;:1,&quot;gap&quot;:{&quot;unit&quot;:&quot;px&quot;,&quot;size&quot;:10,&quot;sizes&quot;:[]},&quot;gap_tablet&quot;:{&quot;unit&quot;:&quot;px&quot;,&quot;size&quot;:10,&quot;sizes&quot;:[]},&quot;gap_mobile&quot;:{&quot;unit&quot;:&quot;px&quot;,&quot;size&quot;:10,&quot;sizes&quot;:[]},&quot;link_to&quot;:&quot;file&quot;,&quot;overlay_background&quot;:&quot;yes&quot;,&quot;content_hover_animation&quot;:&quot;fade-in&quot;}\" data-widget_type=\"gallery.default\">\n\t\t\t\t<div class=\"elementor-widget-container\">\n\t\t\t\t\t\t\t<div class=\"elementor-gallery__container\">\n\t\t\t\t\t\t\t<a class=\"e-gallery-item elementor-gallery-item elementor-animated-content\" href=\"https:\/\/www.edvconstructors.com\/wp-content\/uploads\/2021\/07\/EDV-Constructors-Galeria-Estructures-6.jpg\" data-elementor-open-lightbox=\"yes\" data-elementor-lightbox-slideshow=\"584e08e\" data-elementor-lightbox-title=\"EDV Constructors - Galeria Estructures\" data-e-action-hash=\"#elementor-action%3Aaction%3Dlightbox%26settings%3DeyJpZCI6MTgwMCwidXJsIjoiaHR0cHM6XC9cL3d3dy5lZHZjb25zdHJ1Y3RvcnMuY29tXC93cC1jb250ZW50XC91cGxvYWRzXC8yMDIxXC8wN1wvRURWLUNvbnN0cnVjdG9ycy1HYWxlcmlhLUVzdHJ1Y3R1cmVzLTYuanBnIiwic2xpZGVzaG93IjoiNTg0ZTA4ZSJ9\">\n\t\t\t\t\t<div class=\"e-gallery-image elementor-gallery-item__image\" data-thumbnail=\"https:\/\/www.edvconstructors.com\/wp-content\/uploads\/2021\/07\/EDV-Constructors-Galeria-Estructures-6.jpg\" data-width=\"960\" data-height=\"720\" aria-label=\"\" role=\"img\" ><\/div>\n\t\t\t\t\t\t\t\t\t\t\t<div class=\"elementor-gallery-item__overlay\"><\/div>\n\t\t\t\t\t\t\t\t\t\t\t\t\t\t<\/a>\n\t\t\t\t\t\t\t<a class=\"e-gallery-item elementor-gallery-item elementor-animated-content\" href=\"https:\/\/www.edvconstructors.com\/wp-content\/uploads\/2021\/07\/EDV-Constructors-Galeria-Estructures-7.jpg\" data-elementor-open-lightbox=\"yes\" data-elementor-lightbox-slideshow=\"584e08e\" data-elementor-lightbox-title=\"EDV Constructors - Galeria Estructures\" data-e-action-hash=\"#elementor-action%3Aaction%3Dlightbox%26settings%3DeyJpZCI6MTgwMSwidXJsIjoiaHR0cHM6XC9cL3d3dy5lZHZjb25zdHJ1Y3RvcnMuY29tXC93cC1jb250ZW50XC91cGxvYWRzXC8yMDIxXC8wN1wvRURWLUNvbnN0cnVjdG9ycy1HYWxlcmlhLUVzdHJ1Y3R1cmVzLTcuanBnIiwic2xpZGVzaG93IjoiNTg0ZTA4ZSJ9\">\n\t\t\t\t\t<div class=\"e-gallery-image elementor-gallery-item__image\" data-thumbnail=\"https:\/\/www.edvconstructors.com\/wp-content\/uploads\/2021\/07\/EDV-Constructors-Galeria-Estructures-7.jpg\" data-width=\"960\" data-height=\"720\" aria-label=\"\" role=\"img\" ><\/div>\n\t\t\t\t\t\t\t\t\t\t\t<div class=\"elementor-gallery-item__overlay\"><\/div>\n\t\t\t\t\t\t\t\t\t\t\t\t\t\t<\/a>\n\t\t\t\t\t\t\t<a class=\"e-gallery-item elementor-gallery-item elementor-animated-content\" href=\"https:\/\/www.edvconstructors.com\/wp-content\/uploads\/2021\/07\/EDV-Constructors-Galeria-Estructures-11.jpg\" data-elementor-open-lightbox=\"yes\" data-elementor-lightbox-slideshow=\"584e08e\" data-elementor-lightbox-title=\"EDV Constructors - Galeria Estructures\" data-e-action-hash=\"#elementor-action%3Aaction%3Dlightbox%26settings%3DeyJpZCI6MTgwNSwidXJsIjoiaHR0cHM6XC9cL3d3dy5lZHZjb25zdHJ1Y3RvcnMuY29tXC93cC1jb250ZW50XC91cGxvYWRzXC8yMDIxXC8wN1wvRURWLUNvbnN0cnVjdG9ycy1HYWxlcmlhLUVzdHJ1Y3R1cmVzLTExLmpwZyIsInNsaWRlc2hvdyI6IjU4NGUwOGUifQ%3D%3D\">\n\t\t\t\t\t<div class=\"e-gallery-image elementor-gallery-item__image\" data-thumbnail=\"https:\/\/www.edvconstructors.com\/wp-content\/uploads\/2021\/07\/EDV-Constructors-Galeria-Estructures-11.jpg\" data-width=\"960\" data-height=\"1280\" aria-label=\"\" role=\"img\" ><\/div>\n\t\t\t\t\t\t\t\t\t\t\t<div class=\"elementor-gallery-item__overlay\"><\/div>\n\t\t\t\t\t\t\t\t\t\t\t\t\t\t<\/a>\n\t\t\t\t\t\t\t<a class=\"e-gallery-item elementor-gallery-item elementor-animated-content\" href=\"https:\/\/www.edvconstructors.com\/wp-content\/uploads\/2021\/07\/EDV-Constructors-Galeria-Estructures-4.jpg\" data-elementor-open-lightbox=\"yes\" data-elementor-lightbox-slideshow=\"584e08e\" data-elementor-lightbox-title=\"EDV Constructors - Galeria Estructures\" data-e-action-hash=\"#elementor-action%3Aaction%3Dlightbox%26settings%3DeyJpZCI6MTc5OCwidXJsIjoiaHR0cHM6XC9cL3d3dy5lZHZjb25zdHJ1Y3RvcnMuY29tXC93cC1jb250ZW50XC91cGxvYWRzXC8yMDIxXC8wN1wvRURWLUNvbnN0cnVjdG9ycy1HYWxlcmlhLUVzdHJ1Y3R1cmVzLTQuanBnIiwic2xpZGVzaG93IjoiNTg0ZTA4ZSJ9\">\n\t\t\t\t\t<div class=\"e-gallery-image elementor-gallery-item__image\" data-thumbnail=\"https:\/\/www.edvconstructors.com\/wp-content\/uploads\/2021\/07\/EDV-Constructors-Galeria-Estructures-4.jpg\" data-width=\"960\" data-height=\"720\" aria-label=\"\" role=\"img\" ><\/div>\n\t\t\t\t\t\t\t\t\t\t\t<div class=\"elementor-gallery-item__overlay\"><\/div>\n\t\t\t\t\t\t\t\t\t\t\t\t\t\t<\/a>\n\t\t\t\t\t\t\t<a class=\"e-gallery-item elementor-gallery-item elementor-animated-content\" href=\"https:\/\/www.edvconstructors.com\/wp-content\/uploads\/2021\/07\/EDV-Constructors-Galeria-Estructures-9.jpg\" data-elementor-open-lightbox=\"yes\" data-elementor-lightbox-slideshow=\"584e08e\" data-elementor-lightbox-title=\"EDV Constructors - Galeria Estructures\" data-e-action-hash=\"#elementor-action%3Aaction%3Dlightbox%26settings%3DeyJpZCI6MTgwMywidXJsIjoiaHR0cHM6XC9cL3d3dy5lZHZjb25zdHJ1Y3RvcnMuY29tXC93cC1jb250ZW50XC91cGxvYWRzXC8yMDIxXC8wN1wvRURWLUNvbnN0cnVjdG9ycy1HYWxlcmlhLUVzdHJ1Y3R1cmVzLTkuanBnIiwic2xpZGVzaG93IjoiNTg0ZTA4ZSJ9\">\n\t\t\t\t\t<div class=\"e-gallery-image elementor-gallery-item__image\" data-thumbnail=\"https:\/\/www.edvconstructors.com\/wp-content\/uploads\/2021\/07\/EDV-Constructors-Galeria-Estructures-9.jpg\" data-width=\"960\" data-height=\"720\" aria-label=\"\" role=\"img\" ><\/div>\n\t\t\t\t\t\t\t\t\t\t\t<div class=\"elementor-gallery-item__overlay\"><\/div>\n\t\t\t\t\t\t\t\t\t\t\t\t\t\t<\/a>\n\t\t\t\t\t\t\t<a class=\"e-gallery-item elementor-gallery-item elementor-animated-content\" href=\"https:\/\/www.edvconstructors.com\/wp-content\/uploads\/2021\/07\/EDV-Constructors-Galeria-Estructures-1.jpg\" data-elementor-open-lightbox=\"yes\" data-elementor-lightbox-slideshow=\"584e08e\" data-elementor-lightbox-title=\"EDV Constructors - Galeria Estructures\" data-e-action-hash=\"#elementor-action%3Aaction%3Dlightbox%26settings%3DeyJpZCI6MTc5NSwidXJsIjoiaHR0cHM6XC9cL3d3dy5lZHZjb25zdHJ1Y3RvcnMuY29tXC93cC1jb250ZW50XC91cGxvYWRzXC8yMDIxXC8wN1wvRURWLUNvbnN0cnVjdG9ycy1HYWxlcmlhLUVzdHJ1Y3R1cmVzLTEuanBnIiwic2xpZGVzaG93IjoiNTg0ZTA4ZSJ9\">\n\t\t\t\t\t<div class=\"e-gallery-image elementor-gallery-item__image\" data-thumbnail=\"https:\/\/www.edvconstructors.com\/wp-content\/uploads\/2021\/07\/EDV-Constructors-Galeria-Estructures-1.jpg\" data-width=\"960\" data-height=\"720\" aria-label=\"\" role=\"img\" ><\/div>\n\t\t\t\t\t\t\t\t\t\t\t<div class=\"elementor-gallery-item__overlay\"><\/div>\n\t\t\t\t\t\t\t\t\t\t\t\t\t\t<\/a>\n\t\t\t\t\t\t\t<a class=\"e-gallery-item elementor-gallery-item elementor-animated-content\" href=\"https:\/\/www.edvconstructors.com\/wp-content\/uploads\/2021\/07\/EDV-Constructors-Galeria-Estructures-3.jpg\" data-elementor-open-lightbox=\"yes\" data-elementor-lightbox-slideshow=\"584e08e\" data-elementor-lightbox-title=\"EDV Constructors - Galeria Estructures\" data-e-action-hash=\"#elementor-action%3Aaction%3Dlightbox%26settings%3DeyJpZCI6MTc5NywidXJsIjoiaHR0cHM6XC9cL3d3dy5lZHZjb25zdHJ1Y3RvcnMuY29tXC93cC1jb250ZW50XC91cGxvYWRzXC8yMDIxXC8wN1wvRURWLUNvbnN0cnVjdG9ycy1HYWxlcmlhLUVzdHJ1Y3R1cmVzLTMuanBnIiwic2xpZGVzaG93IjoiNTg0ZTA4ZSJ9\">\n\t\t\t\t\t<div class=\"e-gallery-image elementor-gallery-item__image\" data-thumbnail=\"https:\/\/www.edvconstructors.com\/wp-content\/uploads\/2021\/07\/EDV-Constructors-Galeria-Estructures-3.jpg\" data-width=\"960\" data-height=\"720\" aria-label=\"\" role=\"img\" ><\/div>\n\t\t\t\t\t\t\t\t\t\t\t<div class=\"elementor-gallery-item__overlay\"><\/div>\n\t\t\t\t\t\t\t\t\t\t\t\t\t\t<\/a>\n\t\t\t\t\t\t\t<a class=\"e-gallery-item elementor-gallery-item elementor-animated-content\" href=\"https:\/\/www.edvconstructors.com\/wp-content\/uploads\/2021\/07\/EDV-Constructors-Galeria-Estructures-16.jpg\" data-elementor-open-lightbox=\"yes\" data-elementor-lightbox-slideshow=\"584e08e\" data-elementor-lightbox-title=\"EDV Constructors - Galeria Estructures\" data-e-action-hash=\"#elementor-action%3Aaction%3Dlightbox%26settings%3DeyJpZCI6MTgxMCwidXJsIjoiaHR0cHM6XC9cL3d3dy5lZHZjb25zdHJ1Y3RvcnMuY29tXC93cC1jb250ZW50XC91cGxvYWRzXC8yMDIxXC8wN1wvRURWLUNvbnN0cnVjdG9ycy1HYWxlcmlhLUVzdHJ1Y3R1cmVzLTE2LmpwZyIsInNsaWRlc2hvdyI6IjU4NGUwOGUifQ%3D%3D\">\n\t\t\t\t\t<div class=\"e-gallery-image elementor-gallery-item__image\" data-thumbnail=\"https:\/\/www.edvconstructors.com\/wp-content\/uploads\/2021\/07\/EDV-Constructors-Galeria-Estructures-16.jpg\" data-width=\"960\" data-height=\"985\" aria-label=\"\" role=\"img\" ><\/div>\n\t\t\t\t\t\t\t\t\t\t\t<div class=\"elementor-gallery-item__overlay\"><\/div>\n\t\t\t\t\t\t\t\t\t\t\t\t\t\t<\/a>\n\t\t\t\t\t\t\t<a class=\"e-gallery-item elementor-gallery-item elementor-animated-content\" href=\"https:\/\/www.edvconstructors.com\/wp-content\/uploads\/2021\/07\/EDV-Constructors-Galeria-Estructures-17.jpg\" data-elementor-open-lightbox=\"yes\" data-elementor-lightbox-slideshow=\"584e08e\" data-elementor-lightbox-title=\"EDV Constructors - Galeria Estructures\" data-e-action-hash=\"#elementor-action%3Aaction%3Dlightbox%26settings%3DeyJpZCI6MTgxMSwidXJsIjoiaHR0cHM6XC9cL3d3dy5lZHZjb25zdHJ1Y3RvcnMuY29tXC93cC1jb250ZW50XC91cGxvYWRzXC8yMDIxXC8wN1wvRURWLUNvbnN0cnVjdG9ycy1HYWxlcmlhLUVzdHJ1Y3R1cmVzLTE3LmpwZyIsInNsaWRlc2hvdyI6IjU4NGUwOGUifQ%3D%3D\">\n\t\t\t\t\t<div class=\"e-gallery-image elementor-gallery-item__image\" data-thumbnail=\"https:\/\/www.edvconstructors.com\/wp-content\/uploads\/2021\/07\/EDV-Constructors-Galeria-Estructures-17.jpg\" data-width=\"960\" data-height=\"729\" aria-label=\"\" role=\"img\" ><\/div>\n\t\t\t\t\t\t\t\t\t\t\t<div class=\"elementor-gallery-item__overlay\"><\/div>\n\t\t\t\t\t\t\t\t\t\t\t\t\t\t<\/a>\n\t\t\t\t\t\t\t<a class=\"e-gallery-item elementor-gallery-item elementor-animated-content\" href=\"https:\/\/www.edvconstructors.com\/wp-content\/uploads\/2021\/07\/EDV-Constructors-Galeria-Estructures-13.jpg\" data-elementor-open-lightbox=\"yes\" data-elementor-lightbox-slideshow=\"584e08e\" data-elementor-lightbox-title=\"EDV Constructors - Galeria Estructures\" data-e-action-hash=\"#elementor-action%3Aaction%3Dlightbox%26settings%3DeyJpZCI6MTgwNywidXJsIjoiaHR0cHM6XC9cL3d3dy5lZHZjb25zdHJ1Y3RvcnMuY29tXC93cC1jb250ZW50XC91cGxvYWRzXC8yMDIxXC8wN1wvRURWLUNvbnN0cnVjdG9ycy1HYWxlcmlhLUVzdHJ1Y3R1cmVzLTEzLmpwZyIsInNsaWRlc2hvdyI6IjU4NGUwOGUifQ%3D%3D\">\n\t\t\t\t\t<div class=\"e-gallery-image elementor-gallery-item__image\" data-thumbnail=\"https:\/\/www.edvconstructors.com\/wp-content\/uploads\/2021\/07\/EDV-Constructors-Galeria-Estructures-13.jpg\" data-width=\"960\" data-height=\"720\" aria-label=\"\" role=\"img\" ><\/div>\n\t\t\t\t\t\t\t\t\t\t\t<div class=\"elementor-gallery-item__overlay\"><\/div>\n\t\t\t\t\t\t\t\t\t\t\t\t\t\t<\/a>\n\t\t\t\t\t\t\t<a class=\"e-gallery-item elementor-gallery-item elementor-animated-content\" href=\"https:\/\/www.edvconstructors.com\/wp-content\/uploads\/2021\/07\/EDV-Constructors-Galeria-Estructures-2.jpg\" data-elementor-open-lightbox=\"yes\" data-elementor-lightbox-slideshow=\"584e08e\" data-elementor-lightbox-title=\"EDV Constructors - Galeria Estructures\" data-e-action-hash=\"#elementor-action%3Aaction%3Dlightbox%26settings%3DeyJpZCI6MTc5NiwidXJsIjoiaHR0cHM6XC9cL3d3dy5lZHZjb25zdHJ1Y3RvcnMuY29tXC93cC1jb250ZW50XC91cGxvYWRzXC8yMDIxXC8wN1wvRURWLUNvbnN0cnVjdG9ycy1HYWxlcmlhLUVzdHJ1Y3R1cmVzLTIuanBnIiwic2xpZGVzaG93IjoiNTg0ZTA4ZSJ9\">\n\t\t\t\t\t<div class=\"e-gallery-image elementor-gallery-item__image\" data-thumbnail=\"https:\/\/www.edvconstructors.com\/wp-content\/uploads\/2021\/07\/EDV-Constructors-Galeria-Estructures-2.jpg\" data-width=\"960\" data-height=\"1280\" aria-label=\"\" role=\"img\" ><\/div>\n\t\t\t\t\t\t\t\t\t\t\t<div class=\"elementor-gallery-item__overlay\"><\/div>\n\t\t\t\t\t\t\t\t\t\t\t\t\t\t<\/a>\n\t\t\t\t\t\t\t<a class=\"e-gallery-item elementor-gallery-item elementor-animated-content\" href=\"https:\/\/www.edvconstructors.com\/wp-content\/uploads\/2021\/07\/EDV-Constructors-Galeria-Estructures-18.jpg\" data-elementor-open-lightbox=\"yes\" data-elementor-lightbox-slideshow=\"584e08e\" data-elementor-lightbox-title=\"EDV Constructors - Galeria Estructures\" data-e-action-hash=\"#elementor-action%3Aaction%3Dlightbox%26settings%3DeyJpZCI6MTgxMiwidXJsIjoiaHR0cHM6XC9cL3d3dy5lZHZjb25zdHJ1Y3RvcnMuY29tXC93cC1jb250ZW50XC91cGxvYWRzXC8yMDIxXC8wN1wvRURWLUNvbnN0cnVjdG9ycy1HYWxlcmlhLUVzdHJ1Y3R1cmVzLTE4LmpwZyIsInNsaWRlc2hvdyI6IjU4NGUwOGUifQ%3D%3D\">\n\t\t\t\t\t<div class=\"e-gallery-image elementor-gallery-item__image\" data-thumbnail=\"https:\/\/www.edvconstructors.com\/wp-content\/uploads\/2021\/07\/EDV-Constructors-Galeria-Estructures-18.jpg\" data-width=\"960\" data-height=\"1176\" aria-label=\"\" role=\"img\" ><\/div>\n\t\t\t\t\t\t\t\t\t\t\t<div class=\"elementor-gallery-item__overlay\"><\/div>\n\t\t\t\t\t\t\t\t\t\t\t\t\t\t<\/a>\n\t\t\t\t\t\t\t<a class=\"e-gallery-item elementor-gallery-item elementor-animated-content\" href=\"https:\/\/www.edvconstructors.com\/wp-content\/uploads\/2021\/07\/EDV-Constructors-Galeria-Estructures-12.jpg\" data-elementor-open-lightbox=\"yes\" data-elementor-lightbox-slideshow=\"584e08e\" data-elementor-lightbox-title=\"EDV Constructors - Galeria Estructures\" data-e-action-hash=\"#elementor-action%3Aaction%3Dlightbox%26settings%3DeyJpZCI6MTgwNiwidXJsIjoiaHR0cHM6XC9cL3d3dy5lZHZjb25zdHJ1Y3RvcnMuY29tXC93cC1jb250ZW50XC91cGxvYWRzXC8yMDIxXC8wN1wvRURWLUNvbnN0cnVjdG9ycy1HYWxlcmlhLUVzdHJ1Y3R1cmVzLTEyLmpwZyIsInNsaWRlc2hvdyI6IjU4NGUwOGUifQ%3D%3D\">\n\t\t\t\t\t<div class=\"e-gallery-image elementor-gallery-item__image\" data-thumbnail=\"https:\/\/www.edvconstructors.com\/wp-content\/uploads\/2021\/07\/EDV-Constructors-Galeria-Estructures-12.jpg\" data-width=\"960\" data-height=\"720\" aria-label=\"\" role=\"img\" ><\/div>\n\t\t\t\t\t\t\t\t\t\t\t<div class=\"elementor-gallery-item__overlay\"><\/div>\n\t\t\t\t\t\t\t\t\t\t\t\t\t\t<\/a>\n\t\t\t\t\t\t\t<a class=\"e-gallery-item elementor-gallery-item elementor-animated-content\" href=\"https:\/\/www.edvconstructors.com\/wp-content\/uploads\/2021\/07\/EDV-Constructors-Galeria-Estructures-5.jpg\" data-elementor-open-lightbox=\"yes\" data-elementor-lightbox-slideshow=\"584e08e\" data-elementor-lightbox-title=\"EDV Constructors - Galeria Estructures\" data-e-action-hash=\"#elementor-action%3Aaction%3Dlightbox%26settings%3DeyJpZCI6MTc5OSwidXJsIjoiaHR0cHM6XC9cL3d3dy5lZHZjb25zdHJ1Y3RvcnMuY29tXC93cC1jb250ZW50XC91cGxvYWRzXC8yMDIxXC8wN1wvRURWLUNvbnN0cnVjdG9ycy1HYWxlcmlhLUVzdHJ1Y3R1cmVzLTUuanBnIiwic2xpZGVzaG93IjoiNTg0ZTA4ZSJ9\">\n\t\t\t\t\t<div class=\"e-gallery-image elementor-gallery-item__image\" data-thumbnail=\"https:\/\/www.edvconstructors.com\/wp-content\/uploads\/2021\/07\/EDV-Constructors-Galeria-Estructures-5.jpg\" data-width=\"960\" data-height=\"720\" aria-label=\"\" role=\"img\" ><\/div>\n\t\t\t\t\t\t\t\t\t\t\t<div class=\"elementor-gallery-item__overlay\"><\/div>\n\t\t\t\t\t\t\t\t\t\t\t\t\t\t<\/a>\n\t\t\t\t\t\t\t<a class=\"e-gallery-item elementor-gallery-item elementor-animated-content\" href=\"https:\/\/www.edvconstructors.com\/wp-content\/uploads\/2021\/07\/EDV-Constructors-Galeria-Estructures-14.jpg\" data-elementor-open-lightbox=\"yes\" data-elementor-lightbox-slideshow=\"584e08e\" data-elementor-lightbox-title=\"EDV Constructors - Galeria Estructures\" data-e-action-hash=\"#elementor-action%3Aaction%3Dlightbox%26settings%3DeyJpZCI6MTgwOCwidXJsIjoiaHR0cHM6XC9cL3d3dy5lZHZjb25zdHJ1Y3RvcnMuY29tXC93cC1jb250ZW50XC91cGxvYWRzXC8yMDIxXC8wN1wvRURWLUNvbnN0cnVjdG9ycy1HYWxlcmlhLUVzdHJ1Y3R1cmVzLTE0LmpwZyIsInNsaWRlc2hvdyI6IjU4NGUwOGUifQ%3D%3D\">\n\t\t\t\t\t<div class=\"e-gallery-image elementor-gallery-item__image\" data-thumbnail=\"https:\/\/www.edvconstructors.com\/wp-content\/uploads\/2021\/07\/EDV-Constructors-Galeria-Estructures-14.jpg\" data-width=\"960\" data-height=\"920\" aria-label=\"\" role=\"img\" ><\/div>\n\t\t\t\t\t\t\t\t\t\t\t<div class=\"elementor-gallery-item__overlay\"><\/div>\n\t\t\t\t\t\t\t\t\t\t\t\t\t\t<\/a>\n\t\t\t\t\t\t\t<a class=\"e-gallery-item elementor-gallery-item elementor-animated-content\" href=\"https:\/\/www.edvconstructors.com\/wp-content\/uploads\/2021\/07\/EDV-Constructors-Galeria-Estructures-10.jpg\" data-elementor-open-lightbox=\"yes\" data-elementor-lightbox-slideshow=\"584e08e\" data-elementor-lightbox-title=\"EDV Constructors - Galeria Estructures\" data-e-action-hash=\"#elementor-action%3Aaction%3Dlightbox%26settings%3DeyJpZCI6MTgwNCwidXJsIjoiaHR0cHM6XC9cL3d3dy5lZHZjb25zdHJ1Y3RvcnMuY29tXC93cC1jb250ZW50XC91cGxvYWRzXC8yMDIxXC8wN1wvRURWLUNvbnN0cnVjdG9ycy1HYWxlcmlhLUVzdHJ1Y3R1cmVzLTEwLmpwZyIsInNsaWRlc2hvdyI6IjU4NGUwOGUifQ%3D%3D\">\n\t\t\t\t\t<div class=\"e-gallery-image elementor-gallery-item__image\" data-thumbnail=\"https:\/\/www.edvconstructors.com\/wp-content\/uploads\/2021\/07\/EDV-Constructors-Galeria-Estructures-10.jpg\" data-width=\"960\" data-height=\"669\" aria-label=\"\" role=\"img\" ><\/div>\n\t\t\t\t\t\t\t\t\t\t\t<div class=\"elementor-gallery-item__overlay\"><\/div>\n\t\t\t\t\t\t\t\t\t\t\t\t\t\t<\/a>\n\t\t\t\t\t\t\t<a class=\"e-gallery-item elementor-gallery-item elementor-animated-content\" href=\"https:\/\/www.edvconstructors.com\/wp-content\/uploads\/2021\/07\/EDV-Constructors-Galeria-Estructures-8.jpg\" data-elementor-open-lightbox=\"yes\" data-elementor-lightbox-slideshow=\"584e08e\" data-elementor-lightbox-title=\"EDV Constructors - Galeria Estructures\" data-e-action-hash=\"#elementor-action%3Aaction%3Dlightbox%26settings%3DeyJpZCI6MTgwMiwidXJsIjoiaHR0cHM6XC9cL3d3dy5lZHZjb25zdHJ1Y3RvcnMuY29tXC93cC1jb250ZW50XC91cGxvYWRzXC8yMDIxXC8wN1wvRURWLUNvbnN0cnVjdG9ycy1HYWxlcmlhLUVzdHJ1Y3R1cmVzLTguanBnIiwic2xpZGVzaG93IjoiNTg0ZTA4ZSJ9\">\n\t\t\t\t\t<div class=\"e-gallery-image elementor-gallery-item__image\" data-thumbnail=\"https:\/\/www.edvconstructors.com\/wp-content\/uploads\/2021\/07\/EDV-Constructors-Galeria-Estructures-8.jpg\" data-width=\"960\" data-height=\"1280\" aria-label=\"\" role=\"img\" ><\/div>\n\t\t\t\t\t\t\t\t\t\t\t<div class=\"elementor-gallery-item__overlay\"><\/div>\n\t\t\t\t\t\t\t\t\t\t\t\t\t\t<\/a>\n\t\t\t\t\t\t\t<a class=\"e-gallery-item elementor-gallery-item elementor-animated-content\" href=\"https:\/\/www.edvconstructors.com\/wp-content\/uploads\/2021\/07\/EDV-Constructors-Galeria-Estructures-15.jpg\" data-elementor-open-lightbox=\"yes\" data-elementor-lightbox-slideshow=\"584e08e\" data-elementor-lightbox-title=\"EDV Constructors - Galeria Estructures\" data-e-action-hash=\"#elementor-action%3Aaction%3Dlightbox%26settings%3DeyJpZCI6MTgwOSwidXJsIjoiaHR0cHM6XC9cL3d3dy5lZHZjb25zdHJ1Y3RvcnMuY29tXC93cC1jb250ZW50XC91cGxvYWRzXC8yMDIxXC8wN1wvRURWLUNvbnN0cnVjdG9ycy1HYWxlcmlhLUVzdHJ1Y3R1cmVzLTE1LmpwZyIsInNsaWRlc2hvdyI6IjU4NGUwOGUifQ%3D%3D\">\n\t\t\t\t\t<div class=\"e-gallery-image elementor-gallery-item__image\" data-thumbnail=\"https:\/\/www.edvconstructors.com\/wp-content\/uploads\/2021\/07\/EDV-Constructors-Galeria-Estructures-15.jpg\" data-width=\"960\" data-height=\"797\" aria-label=\"\" role=\"img\" ><\/div>\n\t\t\t\t\t\t\t\t\t\t\t<div class=\"elementor-gallery-item__overlay\"><\/div>\n\t\t\t\t\t\t\t\t\t\t\t\t\t\t<\/a>\n\t\t\t\t\t<\/div>\n\t\t\t\t\t<\/div>\n\t\t\t\t<\/div>\n\t\t\t\t\t<\/div>\n\t\t<\/div>\n\t\t\t\t\t<\/div>\n\t\t<\/section>\n\t\t\t\t<\/div>\n\t\t","protected":false},"excerpt":{"rendered":"<p>En EDV Constructors trabajamos todo tipo de excavaciones y soporte a la construcci\u00f3n: vaciados, cimentaci\u00f3n, rasas y rellenos. Nivelamos y compactamos el terreno, nos encargamos de canalizar las instalaciones de gas, agua, luz y tel\u00e9fono, construimos muros de contenci\u00f3n de hormig\u00f3n, roca y mixtos con todo tipo de piedra. Construcci\u00f3n de estructuras de edificios y<br \/><a class=\"moretag\" href=\"https:\/\/www.edvconstructors.com\/es\/estructures\/\">+ Read More<\/a><\/p>\n","protected":false},"author":1,"featured_media":1649,"parent":0,"menu_order":0,"comment_status":"closed","ping_status":"closed","template":"templates\/page-fullwidth_template.php","meta":{"footnotes":""},"class_list":["post-312","page","type-page","status-publish","has-post-thumbnail","hentry"],"_links":{"self":[{"href":"https:\/\/www.edvconstructors.com\/es\/wp-json\/wp\/v2\/pages\/312","targetHints":{"allow":["GET"]}}],"collection":[{"href":"https:\/\/www.edvconstructors.com\/es\/wp-json\/wp\/v2\/pages"}],"about":[{"href":"https:\/\/www.edvconstructors.com\/es\/wp-json\/wp\/v2\/types\/page"}],"author":[{"embeddable":true,"href":"https:\/\/www.edvconstructors.com\/es\/wp-json\/wp\/v2\/users\/1"}],"replies":[{"embeddable":true,"href":"https:\/\/www.edvconstructors.com\/es\/wp-json\/wp\/v2\/comments?post=312"}],"version-history":[{"count":0,"href":"https:\/\/www.edvconstructors.com\/es\/wp-json\/wp\/v2\/pages\/312\/revisions"}],"wp:featuredmedia":[{"embeddable":true,"href":"https:\/\/www.edvconstructors.com\/es\/wp-json\/wp\/v2\/media\/1649"}],"wp:attachment":[{"href":"https:\/\/www.edvconstructors.com\/es\/wp-json\/wp\/v2\/media?parent=312"}],"curies":[{"name":"wp","href":"https:\/\/api.w.org\/{rel}","templated":true}]}}