{"id":28,"date":"2016-12-02T18:24:17","date_gmt":"2016-12-02T17:24:17","guid":{"rendered":"http:\/\/edvconstructors.com\/?page_id=28"},"modified":"2021-07-28T22:11:03","modified_gmt":"2021-07-28T20:11:03","slug":"manteniment","status":"publish","type":"page","link":"https:\/\/www.edvconstructors.com\/es\/manteniment\/","title":{"rendered":"Mantenimiento"},"content":{"rendered":"\t\t<div data-elementor-type=\"wp-page\" data-elementor-id=\"28\" class=\"elementor elementor-28\" data-elementor-post-type=\"page\">\n\t\t\t\t\t\t<section class=\"elementor-section elementor-top-section elementor-element elementor-element-7f80e26e elementor-section-boxed elementor-section-height-default elementor-section-height-default\" data-id=\"7f80e26e\" data-element_type=\"section\" data-e-type=\"section\">\n\t\t\t\t\t\t<div class=\"elementor-container elementor-column-gap-default\">\n\t\t\t\t\t<div class=\"elementor-column elementor-col-100 elementor-top-column elementor-element elementor-element-3f47c354\" data-id=\"3f47c354\" data-element_type=\"column\" data-e-type=\"column\">\n\t\t\t<div class=\"elementor-widget-wrap elementor-element-populated\">\n\t\t\t\t\t\t<div class=\"elementor-element elementor-element-20b3ef42 elementor-widget elementor-widget-text-editor\" data-id=\"20b3ef42\" data-element_type=\"widget\" data-e-type=\"widget\" data-widget_type=\"text-editor.default\">\n\t\t\t\t<div class=\"elementor-widget-container\">\n\t\t\t\t\t\t\t\t\t<p>El nostre <strong>manteniment integral d&#8217;edificis<\/strong> engloba tant edificis d&#8217;oficines, comunitats de ve\u00efns com qualsevol altre tipus d&#8217;edifici. Inclou la gesti\u00f3 i assist\u00e8ncia t\u00e8cnica, climatitzaci\u00f3, electricitat, seguretat, neteja, jardineria, gesti\u00f3 de residus i altres serveis.<\/p><p style=\"text-align: justify;\">A <strong>EDV Constructors<\/strong> prestem un <strong>servei flexible i adaptat a les necessitats dels nostres clients<\/strong> a cada moment. Vetllem pel manteniment del valor dels actius immobiliaris que ens confien els nostres Clients.<\/p><p style=\"text-align: justify;\">A m\u00e9s, aportem professionalitat a la gesti\u00f3 i prestaci\u00f3 del servei, permetent que el client concentri els seus esfor\u00e7os en la seva activitat principal. Costos transparents i adequats a les necessitats de cada moment.<\/p><p><\/p>\t\t\t\t\t\t\t\t<\/div>\n\t\t\t\t<\/div>\n\t\t\t\t\t<\/div>\n\t\t<\/div>\n\t\t\t\t\t<\/div>\n\t\t<\/section>\n\t\t\t\t<\/div>\n\t\t","protected":false},"excerpt":{"rendered":"<p>Nuestro mantenimiento integral de edificios abarca tanto edificios de oficinas, comunidades de vecinos y cualquier otro tipo de edificios. Incluye la gesti\u00f3n y asistencia t\u00e9cnica, climatizaci\u00f3n, electricidad, seguridad, limpieza, jardiner\u00eda, gesti\u00f3n de residuos y otros servicios. En EDV Constructors prestamos un servicio flexible y adaptado a las necesidades de nuestros clientes en cada momento. Velamos<br \/><a class=\"moretag\" href=\"https:\/\/www.edvconstructors.com\/es\/manteniment\/\">+ Read More<\/a><\/p>\n","protected":false},"author":1,"featured_media":1649,"parent":0,"menu_order":0,"comment_status":"closed","ping_status":"closed","template":"templates\/page-fullwidth_template.php","meta":{"footnotes":""},"class_list":["post-28","page","type-page","status-publish","has-post-thumbnail","hentry"],"_links":{"self":[{"href":"https:\/\/www.edvconstructors.com\/es\/wp-json\/wp\/v2\/pages\/28","targetHints":{"allow":["GET"]}}],"collection":[{"href":"https:\/\/www.edvconstructors.com\/es\/wp-json\/wp\/v2\/pages"}],"about":[{"href":"https:\/\/www.edvconstructors.com\/es\/wp-json\/wp\/v2\/types\/page"}],"author":[{"embeddable":true,"href":"https:\/\/www.edvconstructors.com\/es\/wp-json\/wp\/v2\/users\/1"}],"replies":[{"embeddable":true,"href":"https:\/\/www.edvconstructors.com\/es\/wp-json\/wp\/v2\/comments?post=28"}],"version-history":[{"count":0,"href":"https:\/\/www.edvconstructors.com\/es\/wp-json\/wp\/v2\/pages\/28\/revisions"}],"wp:featuredmedia":[{"embeddable":true,"href":"https:\/\/www.edvconstructors.com\/es\/wp-json\/wp\/v2\/media\/1649"}],"wp:attachment":[{"href":"https:\/\/www.edvconstructors.com\/es\/wp-json\/wp\/v2\/media?parent=28"}],"curies":[{"name":"wp","href":"https:\/\/api.w.org\/{rel}","templated":true}]}}