{"id":24,"date":"2016-12-02T18:23:31","date_gmt":"2016-12-02T17:23:31","guid":{"rendered":"http:\/\/edvconstructors.com\/?page_id=24"},"modified":"2021-07-31T12:30:01","modified_gmt":"2021-07-31T10:30:01","slug":"impermeabilitzacions","status":"publish","type":"page","link":"https:\/\/www.edvconstructors.com\/es\/impermeabilitzacions\/","title":{"rendered":"Impermeabilizaciones"},"content":{"rendered":"\t\t<div data-elementor-type=\"wp-page\" data-elementor-id=\"24\" class=\"elementor elementor-24\" data-elementor-post-type=\"page\">\n\t\t\t\t\t\t<section class=\"elementor-section elementor-top-section elementor-element elementor-element-272f084a elementor-section-boxed elementor-section-height-default elementor-section-height-default\" data-id=\"272f084a\" data-element_type=\"section\" data-e-type=\"section\">\n\t\t\t\t\t\t<div class=\"elementor-container elementor-column-gap-default\">\n\t\t\t\t\t<div class=\"elementor-column elementor-col-100 elementor-top-column elementor-element elementor-element-4828eb33\" data-id=\"4828eb33\" data-element_type=\"column\" data-e-type=\"column\">\n\t\t\t<div class=\"elementor-widget-wrap elementor-element-populated\">\n\t\t\t\t\t\t<div class=\"elementor-element elementor-element-773a54f elementor-widget elementor-widget-text-editor\" data-id=\"773a54f\" data-element_type=\"widget\" data-e-type=\"widget\" data-widget_type=\"text-editor.default\">\n\t\t\t\t<div class=\"elementor-widget-container\">\n\t\t\t\t\t\t\t\t\t<p>Solucionamos todos los problemas de humedades en terrazas,\u00a0<strong>nuestra empresa cuenta con un equipo altamente experimentado en la impermeabilizaci\u00f3n de terrazas<\/strong> en cualquier tipo de obra, grande o peque\u00f1a, y cualquier tipo de acabado: terrazas de rasilla, gres porcel\u00e1nico, cubiertas invertidas, protegidas con telas asf\u00e1lticas&#8230;<\/p><p style=\"text-align: justify;\"><strong>Todas nuestras impermeabilizaciones en terrazas de obra quedan totalmente garantizadas.<\/strong><\/p><p style=\"text-align: justify;\"><strong>EDV Constructors<\/strong> tambi\u00e9n realiza reparaciones en cubiertas, somos especialistas en detecci\u00f3n de humedades y solucionamos cualquier problema de impermeabilizaci\u00f3n<\/p>\t\t\t\t\t\t\t\t<\/div>\n\t\t\t\t<\/div>\n\t\t\t\t\t<\/div>\n\t\t<\/div>\n\t\t\t\t\t<\/div>\n\t\t<\/section>\n\t\t\t\t<section class=\"elementor-section elementor-top-section elementor-element elementor-element-5fe6c52 elementor-section-full_width elementor-section-height-default elementor-section-height-default\" data-id=\"5fe6c52\" data-element_type=\"section\" data-e-type=\"section\">\n\t\t\t\t\t\t<div class=\"elementor-container elementor-column-gap-no\">\n\t\t\t\t\t<div class=\"elementor-column elementor-col-100 elementor-top-column elementor-element elementor-element-602864b\" data-id=\"602864b\" data-element_type=\"column\" data-e-type=\"column\">\n\t\t\t<div class=\"elementor-widget-wrap elementor-element-populated\">\n\t\t\t\t\t\t<div class=\"elementor-element elementor-element-ac98d46 elementor-widget elementor-widget-gallery\" data-id=\"ac98d46\" data-element_type=\"widget\" data-e-type=\"widget\" data-settings=\"{&quot;gallery_layout&quot;:&quot;masonry&quot;,&quot;lazyload&quot;:&quot;yes&quot;,&quot;columns&quot;:4,&quot;columns_tablet&quot;:2,&quot;columns_mobile&quot;:1,&quot;gap&quot;:{&quot;unit&quot;:&quot;px&quot;,&quot;size&quot;:10,&quot;sizes&quot;:[]},&quot;gap_tablet&quot;:{&quot;unit&quot;:&quot;px&quot;,&quot;size&quot;:10,&quot;sizes&quot;:[]},&quot;gap_mobile&quot;:{&quot;unit&quot;:&quot;px&quot;,&quot;size&quot;:10,&quot;sizes&quot;:[]},&quot;link_to&quot;:&quot;file&quot;,&quot;overlay_background&quot;:&quot;yes&quot;,&quot;content_hover_animation&quot;:&quot;fade-in&quot;}\" data-widget_type=\"gallery.default\">\n\t\t\t\t<div class=\"elementor-widget-container\">\n\t\t\t\t\t\t\t<div class=\"elementor-gallery__container\">\n\t\t\t\t\t\t\t<a class=\"e-gallery-item elementor-gallery-item elementor-animated-content\" href=\"https:\/\/www.edvconstructors.com\/wp-content\/uploads\/2021\/07\/EDV-Constructors-Galeria-Impermeabilitzacions-6.jpg\" data-elementor-open-lightbox=\"yes\" data-elementor-lightbox-slideshow=\"ac98d46\" data-elementor-lightbox-title=\"EDV Constructors - Galeria Impermeabilitzacions\" data-e-action-hash=\"#elementor-action%3Aaction%3Dlightbox%26settings%3DeyJpZCI6MTc2NSwidXJsIjoiaHR0cHM6XC9cL3d3dy5lZHZjb25zdHJ1Y3RvcnMuY29tXC93cC1jb250ZW50XC91cGxvYWRzXC8yMDIxXC8wN1wvRURWLUNvbnN0cnVjdG9ycy1HYWxlcmlhLUltcGVybWVhYmlsaXR6YWNpb25zLTYuanBnIiwic2xpZGVzaG93IjoiYWM5OGQ0NiJ9\">\n\t\t\t\t\t<div class=\"e-gallery-image elementor-gallery-item__image\" data-thumbnail=\"https:\/\/www.edvconstructors.com\/wp-content\/uploads\/2021\/07\/EDV-Constructors-Galeria-Impermeabilitzacions-6.jpg\" data-width=\"960\" data-height=\"1280\" aria-label=\"\" role=\"img\" ><\/div>\n\t\t\t\t\t\t\t\t\t\t\t<div class=\"elementor-gallery-item__overlay\"><\/div>\n\t\t\t\t\t\t\t\t\t\t\t\t\t\t<\/a>\n\t\t\t\t\t\t\t<a class=\"e-gallery-item elementor-gallery-item elementor-animated-content\" href=\"https:\/\/www.edvconstructors.com\/wp-content\/uploads\/2021\/07\/EDV-Constructors-Galeria-Impermeabilitzacions-4.jpg\" data-elementor-open-lightbox=\"yes\" data-elementor-lightbox-slideshow=\"ac98d46\" data-elementor-lightbox-title=\"EDV Constructors - Galeria Impermeabilitzacions\" data-e-action-hash=\"#elementor-action%3Aaction%3Dlightbox%26settings%3DeyJpZCI6MTc2MywidXJsIjoiaHR0cHM6XC9cL3d3dy5lZHZjb25zdHJ1Y3RvcnMuY29tXC93cC1jb250ZW50XC91cGxvYWRzXC8yMDIxXC8wN1wvRURWLUNvbnN0cnVjdG9ycy1HYWxlcmlhLUltcGVybWVhYmlsaXR6YWNpb25zLTQuanBnIiwic2xpZGVzaG93IjoiYWM5OGQ0NiJ9\">\n\t\t\t\t\t<div class=\"e-gallery-image elementor-gallery-item__image\" data-thumbnail=\"https:\/\/www.edvconstructors.com\/wp-content\/uploads\/2021\/07\/EDV-Constructors-Galeria-Impermeabilitzacions-4.jpg\" data-width=\"960\" data-height=\"1280\" aria-label=\"\" role=\"img\" ><\/div>\n\t\t\t\t\t\t\t\t\t\t\t<div class=\"elementor-gallery-item__overlay\"><\/div>\n\t\t\t\t\t\t\t\t\t\t\t\t\t\t<\/a>\n\t\t\t\t\t\t\t<a class=\"e-gallery-item elementor-gallery-item elementor-animated-content\" href=\"https:\/\/www.edvconstructors.com\/wp-content\/uploads\/2021\/07\/EDV-Constructors-Galeria-Impermeabilitzacions-8.jpg\" data-elementor-open-lightbox=\"yes\" data-elementor-lightbox-slideshow=\"ac98d46\" data-elementor-lightbox-title=\"EDV Constructors - Galeria Impermeabilitzacions\" data-e-action-hash=\"#elementor-action%3Aaction%3Dlightbox%26settings%3DeyJpZCI6MTc2NywidXJsIjoiaHR0cHM6XC9cL3d3dy5lZHZjb25zdHJ1Y3RvcnMuY29tXC93cC1jb250ZW50XC91cGxvYWRzXC8yMDIxXC8wN1wvRURWLUNvbnN0cnVjdG9ycy1HYWxlcmlhLUltcGVybWVhYmlsaXR6YWNpb25zLTguanBnIiwic2xpZGVzaG93IjoiYWM5OGQ0NiJ9\">\n\t\t\t\t\t<div class=\"e-gallery-image elementor-gallery-item__image\" data-thumbnail=\"https:\/\/www.edvconstructors.com\/wp-content\/uploads\/2021\/07\/EDV-Constructors-Galeria-Impermeabilitzacions-8.jpg\" data-width=\"960\" data-height=\"720\" aria-label=\"\" role=\"img\" ><\/div>\n\t\t\t\t\t\t\t\t\t\t\t<div class=\"elementor-gallery-item__overlay\"><\/div>\n\t\t\t\t\t\t\t\t\t\t\t\t\t\t<\/a>\n\t\t\t\t\t\t\t<a class=\"e-gallery-item elementor-gallery-item elementor-animated-content\" href=\"https:\/\/www.edvconstructors.com\/wp-content\/uploads\/2021\/07\/EDV-Constructors-Galeria-Impermeabilitzacions-5.jpg\" data-elementor-open-lightbox=\"yes\" data-elementor-lightbox-slideshow=\"ac98d46\" data-elementor-lightbox-title=\"EDV Constructors - Galeria Impermeabilitzacions\" data-e-action-hash=\"#elementor-action%3Aaction%3Dlightbox%26settings%3DeyJpZCI6MTc2NCwidXJsIjoiaHR0cHM6XC9cL3d3dy5lZHZjb25zdHJ1Y3RvcnMuY29tXC93cC1jb250ZW50XC91cGxvYWRzXC8yMDIxXC8wN1wvRURWLUNvbnN0cnVjdG9ycy1HYWxlcmlhLUltcGVybWVhYmlsaXR6YWNpb25zLTUuanBnIiwic2xpZGVzaG93IjoiYWM5OGQ0NiJ9\">\n\t\t\t\t\t<div class=\"e-gallery-image elementor-gallery-item__image\" data-thumbnail=\"https:\/\/www.edvconstructors.com\/wp-content\/uploads\/2021\/07\/EDV-Constructors-Galeria-Impermeabilitzacions-5.jpg\" data-width=\"960\" data-height=\"1280\" aria-label=\"\" role=\"img\" ><\/div>\n\t\t\t\t\t\t\t\t\t\t\t<div class=\"elementor-gallery-item__overlay\"><\/div>\n\t\t\t\t\t\t\t\t\t\t\t\t\t\t<\/a>\n\t\t\t\t\t\t\t<a class=\"e-gallery-item elementor-gallery-item elementor-animated-content\" href=\"https:\/\/www.edvconstructors.com\/wp-content\/uploads\/2021\/07\/EDV-Constructors-Galeria-Impermeabilitzacions-2.jpg\" data-elementor-open-lightbox=\"yes\" data-elementor-lightbox-slideshow=\"ac98d46\" data-elementor-lightbox-title=\"EDV Constructors - Galeria Impermeabilitzacions\" data-e-action-hash=\"#elementor-action%3Aaction%3Dlightbox%26settings%3DeyJpZCI6MTc2MSwidXJsIjoiaHR0cHM6XC9cL3d3dy5lZHZjb25zdHJ1Y3RvcnMuY29tXC93cC1jb250ZW50XC91cGxvYWRzXC8yMDIxXC8wN1wvRURWLUNvbnN0cnVjdG9ycy1HYWxlcmlhLUltcGVybWVhYmlsaXR6YWNpb25zLTIuanBnIiwic2xpZGVzaG93IjoiYWM5OGQ0NiJ9\">\n\t\t\t\t\t<div class=\"e-gallery-image elementor-gallery-item__image\" data-thumbnail=\"https:\/\/www.edvconstructors.com\/wp-content\/uploads\/2021\/07\/EDV-Constructors-Galeria-Impermeabilitzacions-2.jpg\" data-width=\"960\" data-height=\"720\" aria-label=\"\" role=\"img\" ><\/div>\n\t\t\t\t\t\t\t\t\t\t\t<div class=\"elementor-gallery-item__overlay\"><\/div>\n\t\t\t\t\t\t\t\t\t\t\t\t\t\t<\/a>\n\t\t\t\t\t\t\t<a class=\"e-gallery-item elementor-gallery-item elementor-animated-content\" href=\"https:\/\/www.edvconstructors.com\/wp-content\/uploads\/2021\/07\/EDV-Constructors-Galeria-Impermeabilitzacions-3.jpg\" data-elementor-open-lightbox=\"yes\" data-elementor-lightbox-slideshow=\"ac98d46\" data-elementor-lightbox-title=\"EDV Constructors - Galeria Impermeabilitzacions\" data-e-action-hash=\"#elementor-action%3Aaction%3Dlightbox%26settings%3DeyJpZCI6MTc2MiwidXJsIjoiaHR0cHM6XC9cL3d3dy5lZHZjb25zdHJ1Y3RvcnMuY29tXC93cC1jb250ZW50XC91cGxvYWRzXC8yMDIxXC8wN1wvRURWLUNvbnN0cnVjdG9ycy1HYWxlcmlhLUltcGVybWVhYmlsaXR6YWNpb25zLTMuanBnIiwic2xpZGVzaG93IjoiYWM5OGQ0NiJ9\">\n\t\t\t\t\t<div class=\"e-gallery-image elementor-gallery-item__image\" data-thumbnail=\"https:\/\/www.edvconstructors.com\/wp-content\/uploads\/2021\/07\/EDV-Constructors-Galeria-Impermeabilitzacions-3.jpg\" data-width=\"960\" data-height=\"720\" aria-label=\"\" role=\"img\" ><\/div>\n\t\t\t\t\t\t\t\t\t\t\t<div class=\"elementor-gallery-item__overlay\"><\/div>\n\t\t\t\t\t\t\t\t\t\t\t\t\t\t<\/a>\n\t\t\t\t\t\t\t<a class=\"e-gallery-item elementor-gallery-item elementor-animated-content\" href=\"https:\/\/www.edvconstructors.com\/wp-content\/uploads\/2021\/07\/EDV-Constructors-Galeria-Impermeabilitzacions-7.jpg\" data-elementor-open-lightbox=\"yes\" data-elementor-lightbox-slideshow=\"ac98d46\" data-elementor-lightbox-title=\"EDV Constructors - Galeria Impermeabilitzacions\" data-e-action-hash=\"#elementor-action%3Aaction%3Dlightbox%26settings%3DeyJpZCI6MTc2NiwidXJsIjoiaHR0cHM6XC9cL3d3dy5lZHZjb25zdHJ1Y3RvcnMuY29tXC93cC1jb250ZW50XC91cGxvYWRzXC8yMDIxXC8wN1wvRURWLUNvbnN0cnVjdG9ycy1HYWxlcmlhLUltcGVybWVhYmlsaXR6YWNpb25zLTcuanBnIiwic2xpZGVzaG93IjoiYWM5OGQ0NiJ9\">\n\t\t\t\t\t<div class=\"e-gallery-image elementor-gallery-item__image\" data-thumbnail=\"https:\/\/www.edvconstructors.com\/wp-content\/uploads\/2021\/07\/EDV-Constructors-Galeria-Impermeabilitzacions-7.jpg\" data-width=\"960\" data-height=\"720\" aria-label=\"\" role=\"img\" ><\/div>\n\t\t\t\t\t\t\t\t\t\t\t<div class=\"elementor-gallery-item__overlay\"><\/div>\n\t\t\t\t\t\t\t\t\t\t\t\t\t\t<\/a>\n\t\t\t\t\t\t\t<a class=\"e-gallery-item elementor-gallery-item elementor-animated-content\" href=\"https:\/\/www.edvconstructors.com\/wp-content\/uploads\/2021\/07\/EDV-Constructors-Galeria-Impermeabilitzacions-1.jpg\" data-elementor-open-lightbox=\"yes\" data-elementor-lightbox-slideshow=\"ac98d46\" data-elementor-lightbox-title=\"EDV Constructors - Galeria Impermeabilitzacions\" data-e-action-hash=\"#elementor-action%3Aaction%3Dlightbox%26settings%3DeyJpZCI6MTc2MCwidXJsIjoiaHR0cHM6XC9cL3d3dy5lZHZjb25zdHJ1Y3RvcnMuY29tXC93cC1jb250ZW50XC91cGxvYWRzXC8yMDIxXC8wN1wvRURWLUNvbnN0cnVjdG9ycy1HYWxlcmlhLUltcGVybWVhYmlsaXR6YWNpb25zLTEuanBnIiwic2xpZGVzaG93IjoiYWM5OGQ0NiJ9\">\n\t\t\t\t\t<div class=\"e-gallery-image elementor-gallery-item__image\" data-thumbnail=\"https:\/\/www.edvconstructors.com\/wp-content\/uploads\/2021\/07\/EDV-Constructors-Galeria-Impermeabilitzacions-1.jpg\" data-width=\"960\" data-height=\"1280\" aria-label=\"\" role=\"img\" ><\/div>\n\t\t\t\t\t\t\t\t\t\t\t<div class=\"elementor-gallery-item__overlay\"><\/div>\n\t\t\t\t\t\t\t\t\t\t\t\t\t\t<\/a>\n\t\t\t\t\t<\/div>\n\t\t\t\t\t<\/div>\n\t\t\t\t<\/div>\n\t\t\t\t\t<\/div>\n\t\t<\/div>\n\t\t\t\t\t<\/div>\n\t\t<\/section>\n\t\t\t\t<\/div>\n\t\t","protected":false},"excerpt":{"rendered":"<p>Solucionamos todos los problemas de humedades en terrazas,\u00a0nuestra empresa cuenta con un equipo altamente experimentado en la impermeabilizaci\u00f3n de terrazas en cualquier tipo de obra, grande o peque\u00f1a, y cualquier tipo de acabado: terrazas de rasilla, gres porcel\u00e1nico, cubiertas invertidas, protegidas con telas asf\u00e1lticas&#8230; Todas nuestras impermeabilizaciones en terrazas de obra quedan totalmente garantizadas. EDV<br \/><a class=\"moretag\" href=\"https:\/\/www.edvconstructors.com\/es\/impermeabilitzacions\/\">+ Read More<\/a><\/p>\n","protected":false},"author":1,"featured_media":1649,"parent":0,"menu_order":0,"comment_status":"closed","ping_status":"closed","template":"templates\/page-fullwidth_template.php","meta":{"footnotes":""},"class_list":["post-24","page","type-page","status-publish","has-post-thumbnail","hentry"],"_links":{"self":[{"href":"https:\/\/www.edvconstructors.com\/es\/wp-json\/wp\/v2\/pages\/24","targetHints":{"allow":["GET"]}}],"collection":[{"href":"https:\/\/www.edvconstructors.com\/es\/wp-json\/wp\/v2\/pages"}],"about":[{"href":"https:\/\/www.edvconstructors.com\/es\/wp-json\/wp\/v2\/types\/page"}],"author":[{"embeddable":true,"href":"https:\/\/www.edvconstructors.com\/es\/wp-json\/wp\/v2\/users\/1"}],"replies":[{"embeddable":true,"href":"https:\/\/www.edvconstructors.com\/es\/wp-json\/wp\/v2\/comments?post=24"}],"version-history":[{"count":0,"href":"https:\/\/www.edvconstructors.com\/es\/wp-json\/wp\/v2\/pages\/24\/revisions"}],"wp:featuredmedia":[{"embeddable":true,"href":"https:\/\/www.edvconstructors.com\/es\/wp-json\/wp\/v2\/media\/1649"}],"wp:attachment":[{"href":"https:\/\/www.edvconstructors.com\/es\/wp-json\/wp\/v2\/media?parent=24"}],"curies":[{"name":"wp","href":"https:\/\/api.w.org\/{rel}","templated":true}]}}